{"id":11734,"date":"2017-11-13T14:47:30","date_gmt":"2017-11-13T13:47:30","guid":{"rendered":"https:\/\/pasticceriacardena.it\/maria-y-matteo\/"},"modified":"2026-03-31T18:47:47","modified_gmt":"2026-03-31T16:47:47","slug":"maria-y-matteo","status":"publish","type":"page","link":"https:\/\/pasticceriacardena.it\/es\/maria-y-matteo\/","title":{"rendered":"Mar\u00eda y Matteo"},"content":{"rendered":"<p>[et_pb_section fb_built=&#8221;1&#8243; disabled_on=&#8221;on|on|on&#8221; admin_label=&#8221;txt spedizione gratuita&#8221; _builder_version=&#8221;4.27.4&#8243; _module_preset=&#8221;default&#8221; custom_padding=&#8221;4px||3px|||&#8221; disabled=&#8221;on&#8221; locked=&#8221;off&#8221; global_colors_info=&#8221;{}&#8221;][et_pb_row _builder_version=&#8221;4.27.4&#8243; _module_preset=&#8221;default&#8221; custom_padding=&#8221;6px||9px|||&#8221; global_colors_info=&#8221;{}&#8221;][et_pb_column type=&#8221;4_4&#8243; _builder_version=&#8221;4.27.4&#8243; _module_preset=&#8221;default&#8221; global_colors_info=&#8221;{}&#8221;][et_pb_text _builder_version=&#8221;4.27.4&#8243; _module_preset=&#8221;default&#8221; text_font=&#8221;|||on|||||&#8221; text_text_color=&#8221;#85774d&#8221; text_font_size=&#8221;21px&#8221; text_orientation=&#8221;center&#8221; global_colors_info=&#8221;{}&#8221;]<\/p>\n<p><strong>\u00a1Aprovecha el env\u00edo gratuito en todos los pedidos superiores a 70\u20ac!<\/strong><\/p>\n<p>[\/et_pb_text][\/et_pb_column][\/et_pb_row][\/et_pb_section][et_pb_section fb_built=&#8221;1&#8243; custom_padding_last_edited=&#8221;on|phone&#8221; admin_label=&#8221;Section &#8211; About header&#8221; _builder_version=&#8221;4.27.4&#8243; background_color=&#8221;#dedede&#8221; background_image=&#8221;https:\/\/pasticceriacardena.it\/wp-content\/uploads\/2025\/08\/panettone-artigianale-premiato.jpg&#8221; custom_padding=&#8221;150px||250px|&#8221; custom_padding_tablet=&#8221;100px||100px|&#8221; custom_padding_phone=&#8221;75px||75px|&#8221; global_colors_info=&#8221;{}&#8221;][et_pb_row _builder_version=&#8221;4.16&#8243; background_size=&#8221;initial&#8221; background_position=&#8221;top_left&#8221; background_repeat=&#8221;repeat&#8221; global_colors_info=&#8221;{}&#8221;][et_pb_column type=&#8221;4_4&#8243; _builder_version=&#8221;4.16&#8243; custom_padding=&#8221;|||&#8221; global_colors_info=&#8221;{}&#8221; custom_padding__hover=&#8221;|||&#8221;][et_pb_text admin_label=&#8221;About Page Top Header &#8211; Text&#8221; _builder_version=&#8221;4.27.4&#8243; text_font=&#8221;|300|||||||&#8221; text_text_color=&#8221;#FFFFFF&#8221; text_font_size=&#8221;20px&#8221; header_font=&#8221;|700||on|||||&#8221; header_text_color=&#8221;#FFFFFF&#8221; header_font_size=&#8221;60px&#8221; text_orientation=&#8221;center&#8221; module_alignment=&#8221;center&#8221; text_font_size_tablet=&#8221;19px&#8221; text_font_size_phone=&#8221;17px&#8221; text_font_size_last_edited=&#8221;on|phone&#8221; header_font_size_tablet=&#8221;50px&#8221; header_font_size_phone=&#8221;35px&#8221; header_font_size_last_edited=&#8221;on|tablet&#8221; global_colors_info=&#8221;{}&#8221;]<\/p>\n<h1 style=\"text-align: center;\">Qui\u00e9nes somos:<\/h1>\n<h1 style=\"text-align: center;\">la historia de la Pasteler\u00eda Carden\u00e0<\/h1>\n<p>[\/et_pb_text][\/et_pb_column][\/et_pb_row][\/et_pb_section][et_pb_section fb_built=&#8221;1&#8243; custom_padding_last_edited=&#8221;on|desktop&#8221; admin_label=&#8221;Section &#8211; About content&#8221; _builder_version=&#8221;4.16&#8243; custom_padding=&#8221;0px||10px|&#8221; custom_padding_tablet=&#8221;50px|||&#8221; custom_padding_phone=&#8221;&#8221; global_colors_info=&#8221;{}&#8221;][et_pb_row column_structure=&#8221;1_2,1_2&#8243; use_custom_gutter=&#8221;on&#8221; gutter_width=&#8221;1&#8243; make_equal=&#8221;on&#8221; module_class=&#8221;about-page-content&#8221; _builder_version=&#8221;4.27.4&#8243; custom_margin_tablet=&#8221;&#8221; custom_margin_phone=&#8221;&#8221; custom_margin_last_edited=&#8221;on|desktop&#8221; custom_padding=&#8221;0px|||&#8221; global_colors_info=&#8221;{}&#8221;][et_pb_column type=&#8221;1_2&#8243; _builder_version=&#8221;4.16&#8243; background_color=&#8221;#ffffff&#8221; custom_padding=&#8221;75px|50px|30px|50px&#8221; custom_padding_tablet=&#8221;30px|0px|0px|0px&#8221; custom_padding_phone=&#8221;&#8221; custom_padding_last_edited=&#8221;on|desktop&#8221; global_colors_info=&#8221;{}&#8221; custom_padding__hover=&#8221;|||&#8221;][et_pb_text admin_label=&#8221;Text h1 header&#8221; _builder_version=&#8221;4.27.4&#8243; text_text_color=&#8221;#E09900&#8243; header_font=&#8221;|700|||||||&#8221; header_text_color=&#8221;#000000&#8243; header_font_size=&#8221;35px&#8221; header_2_text_color=&#8221;#E09900&#8243; header_3_text_color=&#8221;#E09900&#8243; background_layout=&#8221;dark&#8221; custom_margin=&#8221;||20px|&#8221; header_font_size_tablet=&#8221;33px&#8221; header_font_size_phone=&#8221;27px&#8221; header_font_size_last_edited=&#8221;on|phone&#8221; global_colors_info=&#8221;{}&#8221;]<\/p>\n<h2><strong>Un taller artesanal en Las Marcas con 40 a\u00f1os de historia<\/strong><\/h2>\n<h3> <\/h3>\n<p>[\/et_pb_text][et_pb_text _builder_version=&#8221;4.27.4&#8243; header_2_text_color=&#8221;#E09900&#8243; header_3_text_color=&#8221;#E09900&#8243; global_colors_info=&#8221;{}&#8221;]<\/p>\n<p style=\"text-align: justify;\">Somos una <strong>pasteler\u00eda artesanal<\/strong>, es cierto.<br \/>Pero somos mucho m\u00e1s: somos una <strong>familia<\/strong>.<\/p>\n<p style=\"text-align: justify;\">Y cuando se trabaja junto a quienes amas, cada gesto se convierte en cuidado, cada masa en una promesa, cada dulce en una dedicatoria.<\/p>\n<h3>La dulzura es una cuesti\u00f3n de familia<\/h3>\n<p style=\"text-align: justify;\">As\u00ed nace la <strong>Pasteler\u00eda Artesanal Carden\u00e0<\/strong>, fundada <strong>en 1980<\/strong> por <strong>Carlo Felice<\/strong> en Las Marcas: un hombre que transform\u00f3 su pasi\u00f3n en oficio, y el oficio en legado.<\/p>\n<p style=\"text-align: justify;\">A\u00fan hoy somos un negocio de gesti\u00f3n familiar, fiel a sus ra\u00edces pero con la mirada puesta en el futuro. Un futuro hecho de <strong>selecci\u00f3n rigurosa de las materias primas, de fermentados artesanales preparados con la masa madre que cultivamos desde hace 40 a\u00f1os<\/strong>, de dulces de la tradici\u00f3n italiana que nunca renuncian a la calidad. <\/p>\n<p style=\"text-align: justify;\">Tras a\u00f1os de dedicaci\u00f3n, el testigo ha pasado a m\u00ed, <strong>Maria, y a mi marido Matteo<\/strong>: unidos en la vida como en el trabajo, con el mismo compromiso y la misma pasi\u00f3n que Carlo Felice nos ense\u00f1\u00f3. Porque creemos que los sabores aut\u00e9nticos no necesitan aditivos, solo tiempo, coraz\u00f3n y manos que saben respetar la tradici\u00f3n.<\/p>\n<p style=\"text-align: justify;\">[\/et_pb_text][\/et_pb_column][et_pb_column type=&#8221;1_2&#8243; _builder_version=&#8221;4.27.4&#8243; background_color=&#8221;#f9f9f9&#8243; background_image=&#8221;https:\/\/pasticceriacardena.it\/wp-content\/uploads\/2025\/06\/mariamatteo.png&#8221; custom_padding=&#8221;|||&#8221; background_last_edited=&#8221;on|phone&#8221; background_enable_image_tablet=&#8221;off&#8221; background_enable_image_phone=&#8221;off&#8221; global_colors_info=&#8221;{}&#8221; custom_padding__hover=&#8221;|||&#8221;][et_pb_image src=&#8221;https:\/\/pasticceriacardena.it\/wp-content\/uploads\/2025\/06\/mariamatteo.png&#8221; title_text=&#8221;mariamatteo&#8221; disabled_on=&#8221;off|off|on&#8221; _builder_version=&#8221;4.27.4&#8243; _module_preset=&#8221;default&#8221; global_colors_info=&#8221;{}&#8221;][\/et_pb_image][\/et_pb_column][\/et_pb_row][\/et_pb_section]<\/p>\n","protected":false},"excerpt":{"rendered":"<p>\u00a1Aprovecha el env\u00edo gratuito en todos los pedidos superiores a 70\u20ac!Qui\u00e9nes somos: la historia de la Pasteler\u00eda Carden\u00e0Un taller artesanal en Las Marcas con 40 a\u00f1os de historia Somos una pasteler\u00eda artesanal, es cierto.Pero somos mucho m\u00e1s: somos una familia. Y cuando se trabaja junto a quienes amas, cada gesto se convierte en cuidado, cada [&hellip;]<\/p>\n","protected":false},"author":1,"featured_media":0,"parent":0,"menu_order":0,"comment_status":"closed","ping_status":"closed","template":"","meta":{"_acf_changed":false,"_et_pb_use_builder":"on","_et_pb_old_content":"","_et_gb_content_width":"","_joinchat":[],"footnotes":""},"class_list":["post-11734","page","type-page","status-publish","hentry"],"acf":[],"_links":{"self":[{"href":"https:\/\/pasticceriacardena.it\/es\/wp-json\/wp\/v2\/pages\/11734","targetHints":{"allow":["GET"]}}],"collection":[{"href":"https:\/\/pasticceriacardena.it\/es\/wp-json\/wp\/v2\/pages"}],"about":[{"href":"https:\/\/pasticceriacardena.it\/es\/wp-json\/wp\/v2\/types\/page"}],"author":[{"embeddable":true,"href":"https:\/\/pasticceriacardena.it\/es\/wp-json\/wp\/v2\/users\/1"}],"replies":[{"embeddable":true,"href":"https:\/\/pasticceriacardena.it\/es\/wp-json\/wp\/v2\/comments?post=11734"}],"version-history":[{"count":14,"href":"https:\/\/pasticceriacardena.it\/es\/wp-json\/wp\/v2\/pages\/11734\/revisions"}],"predecessor-version":[{"id":13606,"href":"https:\/\/pasticceriacardena.it\/es\/wp-json\/wp\/v2\/pages\/11734\/revisions\/13606"}],"wp:attachment":[{"href":"https:\/\/pasticceriacardena.it\/es\/wp-json\/wp\/v2\/media?parent=11734"}],"curies":[{"name":"wp","href":"https:\/\/api.w.org\/{rel}","templated":true}]}}