{"id":11760,"date":"2025-06-26T00:29:47","date_gmt":"2025-06-25T22:29:47","guid":{"rendered":"https:\/\/pasticceriacardena.it\/filosofia-y-valores\/"},"modified":"2026-03-31T19:28:36","modified_gmt":"2026-03-31T17:28:36","slug":"filosofia-y-valores","status":"publish","type":"page","link":"https:\/\/pasticceriacardena.it\/es\/filosofia-y-valores\/","title":{"rendered":"Filosof\u00eda y Valores"},"content":{"rendered":"<p>[et_pb_section fb_built=&#8221;1&#8243; _builder_version=&#8221;4.27.4&#8243; _module_preset=&#8221;default&#8221; background_color=&#8221;#ffffff&#8221; custom_padding=&#8221;0px||0px||false|false&#8221; global_colors_info=&#8221;{}&#8221;][et_pb_row column_structure=&#8221;1_2,1_2&#8243; use_custom_gutter=&#8221;on&#8221; gutter_width=&#8221;1&#8243; make_equal=&#8221;on&#8221; _builder_version=&#8221;4.27.4&#8243; _module_preset=&#8221;default&#8221; width=&#8221;100%&#8221; max_width=&#8221;2560px&#8221; custom_padding=&#8221;0px||0px||false|false&#8221; global_colors_info=&#8221;{}&#8221;][et_pb_column type=&#8221;1_2&#8243; _builder_version=&#8221;4.27.4&#8243; _module_preset=&#8221;default&#8221; global_colors_info=&#8221;{}&#8221;][et_pb_text _builder_version=&#8221;4.27.4&#8243; _module_preset=&#8221;default&#8221; text_text_color=&#8221;#000000&#8243; header_font=&#8221;|||on|||||&#8221; header_font_size=&#8221;39px&#8221; header_2_font=&#8221;Georgia|600|on||||||&#8221; header_2_text_align=&#8221;left&#8221; header_2_text_color=&#8221;#E09900&#8243; header_2_font_size=&#8221;30px&#8221; width=&#8221;60%&#8221; width_tablet=&#8221;80%&#8221; width_phone=&#8221;80%&#8221; width_last_edited=&#8221;on|phone&#8221; max_width=&#8221;60%&#8221; max_width_tablet=&#8221;80%&#8221; max_width_phone=&#8221;80%&#8221; max_width_last_edited=&#8221;on|phone&#8221; module_alignment=&#8221;center&#8221; custom_margin=&#8221;20%||||false|false&#8221; custom_margin_tablet=&#8221;10%||||false|false&#8221; custom_margin_phone=&#8221;10%||||false|false&#8221; custom_margin_last_edited=&#8221;on|tablet&#8221; hover_enabled=&#8221;0&#8243; global_colors_info=&#8221;{}&#8221; sticky_enabled=&#8221;0&#8243;]<\/p>\n<h1><strong>Nuestra filosof\u00eda: artesan\u00eda, tradici\u00f3n y calidad<\/strong><\/h1>\n<h2><\/h2>\n<h2><\/h2>\n<h2>La Esencia de Nuestros Dulces<\/h2>\n<p style=\"text-align: justify;\">Agua, harina y masa madre: ingredientes sencillos, resultados extraordinarios. Nuestros dulces nacen de elementos esenciales transformados por un proceso natural que no admite atajos: la lenta fermentaci\u00f3n con la masa madre que cultivamos y alimentamos desde hace 40 a\u00f1os en nuestro obrador artesanal. <\/p>\n<p style=\"text-align: justify;\">No es solo un ingrediente: es el coraz\u00f3n vivo de nuestra identidad artesanal, un testigo de la <a href=\"https:\/\/pasticceriacardena.it\/es\/maria-y-matteo\/\">historia de la familia Carden\u00e0<\/a> que se renueva cada d\u00eda.<\/p>\n<h2>Tradici\u00f3n e Innovaci\u00f3n<\/h2>\n<p style=\"text-align: justify;\">Hemos heredado algo valioso: el respeto por la tradici\u00f3n repostera italiana y el valor de reinterpretarla. Nuestras recetas hunden sus ra\u00edces en generaciones de experiencia, pero tambi\u00e9n nacen de la curiosidad por explorar nuevas combinaciones, nuevos sabores y nuevos glaseados. <\/p>\n<p style=\"text-align: justify;\">Panettones con pistacho de Bronte, columbas a los tres chocolates, productos de boller\u00eda con caramelo salado: este es el equilibrio que buscamos cada d\u00eda entre el pasado y el presente.<\/p>\n<p style=\"text-align: justify;\">\n<p>&nbsp;<\/p>\n<p>[\/et_pb_text][\/et_pb_column][et_pb_column type=&#8221;1_2&#8243; _builder_version=&#8221;4.27.4&#8243; _module_preset=&#8221;default&#8221; global_colors_info=&#8221;{}&#8221;][et_pb_image src=&#8221;https:\/\/pasticceriacardena.it\/wp-content\/uploads\/2025\/07\/tradizione-panettoni.jpg&#8221; title_text=&#8221;tradicion-panettones&#8221; align=&#8221;center&#8221; force_fullwidth=&#8221;on&#8221; _builder_version=&#8221;4.27.4&#8243; _module_preset=&#8221;default&#8221; global_colors_info=&#8221;{}&#8221;][\/et_pb_image][\/et_pb_column][\/et_pb_row][et_pb_row column_structure=&#8221;1_2,1_2&#8243; use_custom_gutter=&#8221;on&#8221; gutter_width=&#8221;1&#8243; make_equal=&#8221;on&#8221; _builder_version=&#8221;4.27.4&#8243; _module_preset=&#8221;default&#8221; width=&#8221;100%&#8221; max_width=&#8221;2560px&#8221; custom_padding=&#8221;0px||0px||false|false&#8221; global_colors_info=&#8221;{}&#8221;][et_pb_column type=&#8221;1_2&#8243; _builder_version=&#8221;4.27.4&#8243; _module_preset=&#8221;default&#8221; global_colors_info=&#8221;{}&#8221;][et_pb_image src=&#8221;https:\/\/pasticceriacardena.it\/wp-content\/uploads\/2025\/07\/lievito-madre-tradizione.jpg&#8221; title_text=&#8221;masa-madre-tradicion&#8221; align=&#8221;center&#8221; force_fullwidth=&#8221;on&#8221; _builder_version=&#8221;4.27.4&#8243; _module_preset=&#8221;default&#8221; global_colors_info=&#8221;{}&#8221;][\/et_pb_image][\/et_pb_column][et_pb_column type=&#8221;1_2&#8243; _builder_version=&#8221;4.27.4&#8243; _module_preset=&#8221;default&#8221; global_colors_info=&#8221;{}&#8221;][et_pb_text _builder_version=&#8221;4.27.4&#8243; _module_preset=&#8221;default&#8221; text_text_color=&#8221;#000000&#8243; header_2_font=&#8221;Georgia|600|on||||||&#8221; header_2_text_align=&#8221;left&#8221; header_2_text_color=&#8221;#E09900&#8243; header_2_font_size=&#8221;30px&#8221; width=&#8221;60%&#8221; width_tablet=&#8221;80%&#8221; width_phone=&#8221;80%&#8221; width_last_edited=&#8221;on|phone&#8221; max_width=&#8221;60%&#8221; max_width_tablet=&#8221;80%&#8221; max_width_phone=&#8221;80%&#8221; max_width_last_edited=&#8221;on|phone&#8221; module_alignment=&#8221;center&#8221; custom_margin=&#8221;12.4%||||false|false&#8221; hover_enabled=&#8221;0&#8243; global_colors_info=&#8221;{}&#8221; sticky_enabled=&#8221;0&#8243;]<\/p>\n<h2>Calidad y Autenticidad<\/h2>\n<p style=\"text-align: justify;\">Para nosotros, la calidad es la \u00fanica opci\u00f3n posible: es una elecci\u00f3n diaria que comienza con la selecci\u00f3n de las materias primas.<br \/>Sin aditivos, sin conservantes, sin atajos.<\/p>\n<p style=\"text-align: justify;\">Cada ingrediente que entra en el obrador Carden\u00e0 se elige con criterio: desde la harina hasta las yemas de huevo frescas de categor\u00eda 1A, desde la mantequilla hasta las cortezas de c\u00edtricos confitadas, desde el chocolate de calidad hasta las almendras seleccionadas.<br \/>Porque sabemos que un dulce es tan bueno como los ingredientes que lo componen.<\/p>\n<h2 style=\"text-align: justify;\">Un v\u00ednculo con el territorio<\/h2>\n<p style=\"text-align: justify;\">La Pasticceria Carden\u00e0 nace en las Marcas y en el territorio de esta regi\u00f3n italiana hunden sus ra\u00edces m\u00e1s profundas.<\/p>\n<p style=\"text-align: justify;\">Es un lugar de encuentro antes incluso que un obrador: un espacio donde los dulces se convierten en el pretexto para celebrar momentos importantes, compartir mesas y crear recuerdos.<\/p>\n<p style=\"text-align: justify;\">Cada dulce que preparamos est\u00e1 pensado para ser compartido. Porque la verdadera dulzura no se disfruta a solas. <\/p>\n<h2>El coraz\u00f3n de nuestra historia: la masa madre<\/h2>\n<p style=\"text-align: justify;\">Tiene 40 a\u00f1os. Hay que alimentarla cada d\u00eda. No se puede comprar y no se puede sustituir.  <\/p>\n<p style=\"text-align: justify;\">Nuestra masa madre es el hilo que nos une a Carlo Felice \u2014quien fund\u00f3 la pasteler\u00eda en 1980\u2014 y hoy seguimos cuid\u00e1ndola con la misma atenci\u00f3n. Es la continuidad hecha materia: cada panettone, cada columba, cada producto artesanal que sale de nuestro obrador lleva consigo esta historia. <\/p>\n<p style=\"text-align: justify;\">Cuando la utilizamos, no solo elaboramos un dulce: entregamos una parte de nuestra identidad.<\/p>\n<p style=\"text-align: justify;\"><strong> <\/strong><\/p>\n<p style=\"text-align: justify;\"><strong>Venga a descubrir <a href=\"https:\/\/pasticceriacardena.it\/es\/tienda-2\/\">nuestros dulces artesanales<\/a>: d\u00e9jese conquistar por sabores aut\u00e9nticos, ingredientes seleccionados y una historia que dura m\u00e1s de 40 a\u00f1os.<\/strong><\/p>\n<p><strong><\/strong><\/p>\n<p><strong><\/strong><\/p>\n<p>&nbsp;<\/p>\n<p>[\/et_pb_text][\/et_pb_column][\/et_pb_row][\/et_pb_section]<\/p>\n","protected":false},"excerpt":{"rendered":"<p>Nuestra filosof\u00eda: artesan\u00eda, tradici\u00f3n y calidad La Esencia de Nuestros Dulces Agua, harina y masa madre: ingredientes sencillos, resultados extraordinarios. Nuestros dulces nacen de elementos esenciales transformados por un proceso natural que no admite atajos: la lenta fermentaci\u00f3n con la masa madre que cultivamos y alimentamos desde hace 40 a\u00f1os en nuestro obrador artesanal. No [&hellip;]<\/p>\n","protected":false},"author":1,"featured_media":0,"parent":0,"menu_order":0,"comment_status":"closed","ping_status":"closed","template":"","meta":{"_acf_changed":false,"_et_pb_use_builder":"on","_et_pb_old_content":"","_et_gb_content_width":"","_joinchat":[],"footnotes":""},"class_list":["post-11760","page","type-page","status-publish","hentry"],"acf":[],"_links":{"self":[{"href":"https:\/\/pasticceriacardena.it\/es\/wp-json\/wp\/v2\/pages\/11760","targetHints":{"allow":["GET"]}}],"collection":[{"href":"https:\/\/pasticceriacardena.it\/es\/wp-json\/wp\/v2\/pages"}],"about":[{"href":"https:\/\/pasticceriacardena.it\/es\/wp-json\/wp\/v2\/types\/page"}],"author":[{"embeddable":true,"href":"https:\/\/pasticceriacardena.it\/es\/wp-json\/wp\/v2\/users\/1"}],"replies":[{"embeddable":true,"href":"https:\/\/pasticceriacardena.it\/es\/wp-json\/wp\/v2\/comments?post=11760"}],"version-history":[{"count":11,"href":"https:\/\/pasticceriacardena.it\/es\/wp-json\/wp\/v2\/pages\/11760\/revisions"}],"predecessor-version":[{"id":13647,"href":"https:\/\/pasticceriacardena.it\/es\/wp-json\/wp\/v2\/pages\/11760\/revisions\/13647"}],"wp:attachment":[{"href":"https:\/\/pasticceriacardena.it\/es\/wp-json\/wp\/v2\/media?parent=11760"}],"curies":[{"name":"wp","href":"https:\/\/api.w.org\/{rel}","templated":true}]}}