{"id":11774,"date":"2025-08-06T09:45:47","date_gmt":"2025-08-06T07:45:47","guid":{"rendered":"https:\/\/pasticceriacardena.it\/premios\/"},"modified":"2026-04-01T13:30:31","modified_gmt":"2026-04-01T11:30:31","slug":"premios","status":"publish","type":"page","link":"https:\/\/pasticceriacardena.it\/es\/premios\/","title":{"rendered":"Premios"},"content":{"rendered":"<p>[et_pb_section fb_built=&#8221;1&#8243; custom_padding_last_edited=&#8221;on|phone&#8221; admin_label=&#8221;Section &#8211; About header&#8221; _builder_version=&#8221;4.27.4&#8243; background_color=&#8221;#dedede&#8221; background_image=&#8221;https:\/\/pasticceriacardena.it\/wp-content\/uploads\/2026\/03\/miglior-panettone-artigianale.jpg&#8221; custom_padding=&#8221;150px||250px|&#8221; custom_padding_tablet=&#8221;100px||100px|&#8221; custom_padding_phone=&#8221;75px||75px|&#8221; global_colors_info=&#8221;{}&#8221;][et_pb_row _builder_version=&#8221;4.16&#8243; background_size=&#8221;initial&#8221; background_position=&#8221;top_left&#8221; background_repeat=&#8221;repeat&#8221; global_colors_info=&#8221;{}&#8221;][et_pb_column type=&#8221;4_4&#8243; _builder_version=&#8221;4.16&#8243; custom_padding=&#8221;|||&#8221; global_colors_info=&#8221;{}&#8221; custom_padding__hover=&#8221;|||&#8221;][et_pb_text admin_label=&#8221;About Page Top Header &#8211; Text&#8221; _builder_version=&#8221;4.27.4&#8243; text_font=&#8221;|300|||||||&#8221; text_text_color=&#8221;#FFFFFF&#8221; text_font_size=&#8221;20px&#8221; header_font=&#8221;|700||on|||||&#8221; header_text_color=&#8221;#FFFFFF&#8221; header_font_size=&#8221;60px&#8221; text_orientation=&#8221;center&#8221; module_alignment=&#8221;center&#8221; text_font_size_tablet=&#8221;19px&#8221; text_font_size_phone=&#8221;17px&#8221; text_font_size_last_edited=&#8221;on|phone&#8221; header_font_size_tablet=&#8221;50px&#8221; header_font_size_phone=&#8221;35px&#8221; header_font_size_last_edited=&#8221;on|tablet&#8221; global_colors_info=&#8221;{}&#8221;]<\/p>\n<h1>Premios y reconocimientos: la excelencia artesanal Carden\u00e0<\/h1>\n<p>[\/et_pb_text][\/et_pb_column][\/et_pb_row][\/et_pb_section][et_pb_section fb_built=&#8221;1&#8243; custom_padding_last_edited=&#8221;on|desktop&#8221; admin_label=&#8221;Section &#8211; About content&#8221; _builder_version=&#8221;4.16&#8243; custom_padding=&#8221;0px||10px|&#8221; custom_padding_tablet=&#8221;50px|||&#8221; custom_padding_phone=&#8221;&#8221; global_colors_info=&#8221;{}&#8221;][\/et_pb_section][et_pb_section fb_built=&#8221;1&#8243; disabled_on=&#8221;off|off|off&#8221; _builder_version=&#8221;4.27.4&#8243; custom_padding=&#8221;0px|||&#8221; global_colors_info=&#8221;{}&#8221;][et_pb_row _builder_version=&#8221;4.16&#8243; custom_padding=&#8221;||10px|&#8221; global_colors_info=&#8221;{}&#8221;][et_pb_column type=&#8221;4_4&#8243; _builder_version=&#8221;4.16&#8243; custom_padding=&#8221;|||&#8221; global_colors_info=&#8221;{}&#8221; custom_padding__hover=&#8221;|||&#8221;][et_pb_text admin_label=&#8221;Default Header&#8221; module_class=&#8221;default-header&#8221; _builder_version=&#8221;4.27.4&#8243; header_2_text_color=&#8221;#E09900&#8243; module_alignment=&#8221;right&#8221; global_colors_info=&#8221;{}&#8221;]<\/p>\n<h2 class=\"mb-2 mt-4 text-base font-[500] first:mt-0 md:text-lg dark:font-[475] [hr+&amp;]:mt-4\" id=\"i-nostri-premi-la-dolcezza-che-conquista\" style=\"text-align: center;\">Nuestros premios: la dulzura que conquista<\/h2>\n<p>[\/et_pb_text][\/et_pb_column][\/et_pb_row][et_pb_row use_custom_gutter=&#8221;on&#8221; gutter_width=&#8221;3&#8243; _builder_version=&#8221;4.16&#8243; global_colors_info=&#8221;{}&#8221;][et_pb_column type=&#8221;4_4&#8243; _builder_version=&#8221;4.16&#8243; custom_padding=&#8221;|||&#8221; global_colors_info=&#8221;{}&#8221; custom_padding__hover=&#8221;|||&#8221;][et_pb_text _builder_version=&#8221;4.27.4&#8243; global_colors_info=&#8221;{}&#8221;]<\/p>\n<p style=\"text-align: justify;\"><strong>La calidad<\/strong> no necesita explicarse: <strong>se reconoce<\/strong>.<\/p>\n<p style=\"text-align: justify;\">Y cuando es reconocida por <strong>jurados independientes, ferias nacionales y presidiarios internacionales<\/strong>, se convierte en una valiosa confirmaci\u00f3n para quienes eligen nuestros dulces artesanales.<\/p>\n<p style=\"text-align: justify;\">Desde 1980 trabajamos con un \u00fanico objetivo: llevar a la mesa de quienes nos eligen <strong>panettones, colombas y fermentados artesanales sin concesiones.<\/strong> Los premios que hemos recibido en Italia y en el extranjero son el orgulloso resultado de esta dedicaci\u00f3n diaria.<\/p>\n<p style=\"text-align: justify;\">[\/et_pb_text][\/et_pb_column][\/et_pb_row][et_pb_row column_structure=&#8221;1_4,1_4,1_4,1_4&#8243; _builder_version=&#8221;4.27.4&#8243; _module_preset=&#8221;default&#8221; global_colors_info=&#8221;{}&#8221;][et_pb_column type=&#8221;1_4&#8243; _builder_version=&#8221;4.27.4&#8243; _module_preset=&#8221;default&#8221; global_colors_info=&#8221;{}&#8221;][et_pb_blurb title=&#8221;Embajador del Gusto&#8221; image=&#8221;https:\/\/pasticceriacardena.it\/wp-content\/uploads\/2025\/08\/ambasciatore_del_gusto.jpg&#8221; image_icon_width=&#8221;200px&#8221; admin_label=&#8221;About Blurb&#8221; module_class=&#8221;about-page-blurb&#8221; _builder_version=&#8221;4.27.4&#8243; header_level=&#8221;h3&#8243; header_font=&#8221;|700|||||||&#8221; header_text_color=&#8221;#E09900&#8243; header_line_height=&#8221;1.2&#8243; icon_font_size=&#8221;35px&#8221; global_colors_info=&#8221;{}&#8221;]<\/p>\n<p style=\"text-align: justify;\">T\u00edtulo honor\u00edfico otorgado en <strong>Roma<\/strong> por la <strong>excelencia en la selecci\u00f3n de ingredientes<\/strong> y en la producci\u00f3n artesanal de <strong>panettones y colombas<\/strong>. Un reconocimiento que certifica el compromiso de la Pasticceria Carden\u00e0 en la promoci\u00f3n de la cultura repostera italiana. <\/p>\n<p style=\"text-align: justify;\">[\/et_pb_blurb][\/et_pb_column][et_pb_column type=&#8221;1_4&#8243; _builder_version=&#8221;4.27.4&#8243; _module_preset=&#8221;default&#8221; global_colors_info=&#8221;{}&#8221;][et_pb_blurb title=&#8221;Diplom\u00e1tico del Gusto&#8221; image=&#8221;https:\/\/pasticceriacardena.it\/wp-content\/uploads\/2025\/08\/diploma_del_gusto-1.jpg&#8221; alt=&#8221;diploma_del_gusto&#8221; image_icon_width=&#8221;200px&#8221; admin_label=&#8221;About Blurb&#8221; module_class=&#8221;about-page-blurb&#8221; _builder_version=&#8221;4.27.4&#8243; header_level=&#8221;h3&#8243; header_font=&#8221;|700|||||||&#8221; header_text_color=&#8221;#E09900&#8243; header_line_height=&#8221;1.2&#8243; hover_enabled=&#8221;0&#8243; icon_font_size=&#8221;35px&#8221; global_colors_info=&#8221;{}&#8221; sticky_enabled=&#8221;0&#8243;]<\/p>\n<p style=\"text-align: justify;\">Reconocimiento por la dedicaci\u00f3n en la promoci\u00f3n de la <strong>cultura gastron\u00f3mica italiana<\/strong> y la <strong>calidad de los productos artesanales.<\/strong> Un t\u00edtulo que pone en valor el papel de Carden\u00e0 como embajador de la tradici\u00f3n repostera de las Marcas.<\/p>\n<p>[\/et_pb_blurb][\/et_pb_column][et_pb_column type=&#8221;1_4&#8243; _builder_version=&#8221;4.27.4&#8243; _module_preset=&#8221;default&#8221; global_colors_info=&#8221;{}&#8221;][et_pb_blurb title=&#8221;Panettone del Jubileo&#8221; image=&#8221;https:\/\/pasticceriacardena.it\/wp-content\/uploads\/2025\/08\/panettone_del_giubileo.jpg&#8221; image_icon_width=&#8221;200px&#8221; admin_label=&#8221;About Blurb&#8221; module_class=&#8221;about-page-blurb&#8221; _builder_version=&#8221;4.27.4&#8243; header_font=&#8221;|700|||||||&#8221; header_line_height=&#8221;1.2&#8243; hover_enabled=&#8221;0&#8243; icon_font_size=&#8221;35px&#8221; global_colors_info=&#8221;{}&#8221; header_level=&#8221;h3&#8243; header_text_color=&#8221;#E09900&#8243; sticky_enabled=&#8221;0&#8243;]<\/p>\n<p style=\"text-align: justify;\">Premio especial otorgado por un <strong>panettone creado con motivo del A\u00f1o del Jubileo<\/strong>: un dulce artesanal de masa fermentada que a\u00fana creatividad y respeto por la tradici\u00f3n. Una ocasi\u00f3n hist\u00f3rica \u00fanica, celebrada con un reconocimiento a la artesan\u00eda italiana. <\/p>\n<p>&nbsp;<\/p>\n<p>[\/et_pb_blurb][\/et_pb_column][et_pb_column type=&#8221;1_4&#8243; _builder_version=&#8221;4.27.4&#8243; _module_preset=&#8221;default&#8221; global_colors_info=&#8221;{}&#8221;][et_pb_blurb title=&#8221;Feria Nacional de Roma &#8211; 2024&#8243; image=&#8221;https:\/\/pasticceriacardena.it\/wp-content\/uploads\/2025\/08\/LOGO-FIERA-mod.jpg&#8221; image_icon_width=&#8221;200px&#8221; admin_label=&#8221;About Blurb&#8221; module_class=&#8221;about-page-blurb&#8221; _builder_version=&#8221;4.27.4&#8243; header_font=&#8221;|700|||||||&#8221; header_line_height=&#8221;1.2&#8243; hover_enabled=&#8221;0&#8243; icon_font_size=&#8221;35px&#8221; global_colors_info=&#8221;{}&#8221; header_level=&#8221;h3&#8243; header_text_color=&#8221;#E09900&#8243; sticky_enabled=&#8221;0&#8243;]<\/p>\n<p style=\"text-align: justify;\"><strong>Segundo clasificado<\/strong> en la categor\u00eda de Panettone Tradicional en la <strong>Feria Nacional del Panettone y del Pandoro de Roma<\/strong> 2024, uno de los concursos m\u00e1s prestigiosos del sector de la reposter\u00eda artesanal italiana.<\/p>\n<p style=\"text-align: justify;\">[\/et_pb_blurb][\/et_pb_column][\/et_pb_row][et_pb_row column_structure=&#8221;1_4,1_4,1_4,1_4&#8243; _builder_version=&#8221;4.27.4&#8243; _module_preset=&#8221;default&#8221; global_colors_info=&#8221;{}&#8221;][et_pb_column type=&#8221;1_4&#8243; _builder_version=&#8221;4.27.4&#8243; _module_preset=&#8221;default&#8221; global_colors_info=&#8221;{}&#8221;][et_pb_blurb title=&#8221;Feria de Mil\u00e1n &#8211; 2022&#8243; image=&#8221;https:\/\/pasticceriacardena.it\/wp-content\/uploads\/2025\/08\/LOGO-FIERA-mod.jpg&#8221; image_icon_width=&#8221;200px&#8221; admin_label=&#8221;About Blurb&#8221; module_class=&#8221;about-page-blurb&#8221; _builder_version=&#8221;4.27.4&#8243; header_font=&#8221;|700|||||||&#8221; header_line_height=&#8221;1.2&#8243; hover_enabled=&#8221;0&#8243; icon_font_size=&#8221;35px&#8221; global_colors_info=&#8221;{}&#8221; header_text_color=&#8221;#E09900&#8243; header_level=&#8221;h3&#8243; sticky_enabled=&#8221;0&#8243;]<\/p>\n<p style=\"text-align: justify;\">\n<p style=\"text-align: justify;\">Menci\u00f3n especial en la <strong>Feria de Mil\u00e1n<\/strong> 2022 por la participaci\u00f3n con <strong>productos de alta calidad artesanal<\/strong>, consolidando a Carden\u00e0 como uno de los obradores de referencia en el panorama nacional de la reposter\u00eda artesanal.<\/p>\n<p style=\"text-align: justify;\">[\/et_pb_blurb][\/et_pb_column][et_pb_column type=&#8221;1_4&#8243; _builder_version=&#8221;4.27.4&#8243; _module_preset=&#8221;default&#8221; global_colors_info=&#8221;{}&#8221;][et_pb_blurb title=&#8221;Feria Nacional de Tur\u00edn &#8211; 2022&#8243; image=&#8221;https:\/\/pasticceriacardena.it\/wp-content\/uploads\/2025\/08\/logo_mole_panettoni.jpg&#8221; image_icon_width=&#8221;200px&#8221; admin_label=&#8221;fiera torino&#8221; module_class=&#8221;about-page-blurb&#8221; _builder_version=&#8221;4.27.4&#8243; header_font=&#8221;|700|||||||&#8221; header_line_height=&#8221;1.2&#8243; hover_enabled=&#8221;0&#8243; icon_font_size=&#8221;35px&#8221; global_colors_info=&#8221;{}&#8221; header_text_color=&#8221;#E09900&#8243; header_level=&#8221;h3&#8243; sticky_enabled=&#8221;0&#8243;]<\/p>\n<p style=\"text-align: justify;\">Segundo clasificado en la categor\u00eda <strong>Panettone Tradicional en la Feria Nacional de Tur\u00edn<\/strong> 2022, un reconocimiento a la artesan\u00eda y a la autenticidad del sabor.<\/p>\n<p>&nbsp;<\/p>\n<p>[\/et_pb_blurb][\/et_pb_column][et_pb_column type=&#8221;1_4&#8243; _builder_version=&#8221;4.27.4&#8243; _module_preset=&#8221;default&#8221; global_colors_info=&#8221;{}&#8221;][et_pb_blurb title=&#8221;Feria de Montecarlo 2023 &#8211; 1.er clasificado &#8221; image=&#8221;https:\/\/pasticceriacardena.it\/wp-content\/uploads\/2025\/08\/MONTECARLO-GASTR.jpg&#8221; image_icon_width=&#8221;200px&#8221; admin_label=&#8221;About Blurb&#8221; module_class=&#8221;about-page-blurb&#8221; _builder_version=&#8221;4.27.4&#8243; header_font=&#8221;|700|||||||&#8221; header_line_height=&#8221;1.2&#8243; hover_enabled=&#8221;0&#8243; icon_font_size=&#8221;35px&#8221; global_colors_info=&#8221;{}&#8221; header_level=&#8221;h3&#8243; header_text_color=&#8221;#E09900&#8243; sticky_enabled=&#8221;0&#8243;]<\/p>\n<p style=\"text-align: justify;\">Primer clasificado en la selecci\u00f3n <strong>Baluarte Slow Food 2023 en la Feria Internacional de Montecarlo, <\/strong>como mejor panettone artesanal: el <strong>reconocimiento m\u00e1s prestigioso<\/strong> en el panorama internacional de la reposter\u00eda artesanal.<\/p>\n<p>[\/et_pb_blurb][\/et_pb_column][et_pb_column type=&#8221;1_4&#8243; _builder_version=&#8221;4.27.4&#8243; _module_preset=&#8221;default&#8221; global_colors_info=&#8221;{}&#8221;][et_pb_blurb title=&#8221;Panettone tradicional &#8211; 2023&#8243; image=&#8221;https:\/\/pasticceriacardena.it\/wp-content\/uploads\/2025\/08\/LOGO-FIERA-mod.jpg&#8221; alt=&#8221;diploma_del_gusto&#8221; image_icon_width=&#8221;200px&#8221; admin_label=&#8221;About Blurb&#8221; module_class=&#8221;about-page-blurb&#8221; _builder_version=&#8221;4.27.4&#8243; header_font=&#8221;|700|||||||&#8221; header_line_height=&#8221;1.2&#8243; hover_enabled=&#8221;0&#8243; icon_font_size=&#8221;35px&#8221; global_colors_info=&#8221;{}&#8221; header_level=&#8221;h3&#8243; header_text_color=&#8221;#E09900&#8243; sticky_enabled=&#8221;0&#8243;]<\/p>\n<p style=\"text-align: justify;\">Premio a <strong>la calidad y el car\u00e1cter artesanal del panettone tradicional<\/strong> en las ferias nacionales especializadas de 2023, a\u00f1o en el que Carden\u00e0 consolid\u00f3 su presencia en los concursos m\u00e1s importantes del sector.<\/p>\n<p style=\"text-align: justify;\">[\/et_pb_blurb][\/et_pb_column][\/et_pb_row][et_pb_row column_structure=&#8221;1_2,1_4,1_4&#8243; use_custom_gutter=&#8221;on&#8221; gutter_width=&#8221;3&#8243; disabled_on=&#8221;on|on|on&#8221; _builder_version=&#8221;4.27.4&#8243; disabled=&#8221;on&#8221; global_colors_info=&#8221;{}&#8221;][et_pb_column type=&#8221;1_2&#8243; _builder_version=&#8221;4.16&#8243; custom_padding=&#8221;|||&#8221; global_colors_info=&#8221;{}&#8221; custom_padding__hover=&#8221;|||&#8221;][et_pb_text _builder_version=&#8221;4.27.4&#8243; global_colors_info=&#8221;{}&#8221;]<\/p>\n<p><span>Cada premio cuenta una p\u00e1gina de nuestra historia, hecha de compromiso diario, trabajo en equipo y amor por la excelencia. Para nosotros, la verdadera victoria es ver a nuestros clientes sonre\u00edr frente a un dulce Carden\u00e0: este es el reconocimiento m\u00e1s valioso, el que nos impulsa, a\u00f1o tras a\u00f1o, a dar siempre lo mejor. <\/span><\/p>\n<p>[\/et_pb_text][\/et_pb_column][et_pb_column type=&#8221;1_4&#8243; _builder_version=&#8221;4.16&#8243; custom_padding=&#8221;|||&#8221; global_colors_info=&#8221;{}&#8221; custom_padding__hover=&#8221;|||&#8221;][et_pb_blurb title=&#8221;Lorem ipsum&#8221; use_icon=&#8221;on&#8221; font_icon=&#8221;&#xe031;||divi||400&#8243; image_icon_width=&#8221;35px&#8221; admin_label=&#8221;About Blurb&#8221; module_class=&#8221;about-page-blurb&#8221; _builder_version=&#8221;4.16&#8243; header_font=&#8221;|600|||||||&#8221; header_line_height=&#8221;1.2&#8243; icon_font_size=&#8221;35px&#8221; global_colors_info=&#8221;{}&#8221;]Lorem ipsum dolor sit amet, eu per legimus that power referrentur.<br \/>\n[\/et_pb_blurb][et_pb_blurb title=&#8221;Lorem ipsum&#8221; use_icon=&#8221;on&#8221; font_icon=&#8221;&#xe0ed;||divi||400&#8243; image_icon_width=&#8221;35px&#8221; admin_label=&#8221;About Blurb&#8221; module_class=&#8221;about-page-blurb&#8221; _builder_version=&#8221;4.16&#8243; header_font=&#8221;|600|||||||&#8221; header_line_height=&#8221;1.2&#8243; icon_font_size=&#8221;35px&#8221; global_colors_info=&#8221;{}&#8221;]Lorem ipsum dolor sit amet, eu per legimus that power referrentur.<br \/>\n[\/et_pb_blurb][\/et_pb_column][et_pb_column type=&#8221;1_4&#8243; _builder_version=&#8221;4.16&#8243; custom_padding=&#8221;|||&#8221; global_colors_info=&#8221;{}&#8221; custom_padding__hover=&#8221;|||&#8221;][et_pb_blurb title=&#8221;Lorem ipsum&#8221; use_icon=&#8221;on&#8221; font_icon=&#8221;&#xe0e2;||divi||400&#8243; image_icon_width=&#8221;35px&#8221; admin_label=&#8221;About Blurb&#8221; module_class=&#8221;about-page-blurb&#8221; _builder_version=&#8221;4.16&#8243; header_font=&#8221;|600|||||||&#8221; header_line_height=&#8221;1.2&#8243; icon_font_size=&#8221;35px&#8221; global_colors_info=&#8221;{}&#8221;]Lorem ipsum dolor sit amet, eu per legimus that power referrentur.<br \/>\n[\/et_pb_blurb][et_pb_blurb title=&#8221;Lorem ipsum&#8221; use_icon=&#8221;on&#8221; font_icon=&#8221;&#xe007;||divi||400&#8243; image_icon_width=&#8221;35px&#8221; admin_label=&#8221;About Blurb&#8221; module_class=&#8221;about-page-blurb&#8221; _builder_version=&#8221;4.16&#8243; header_font=&#8221;|600|||||||&#8221; header_line_height=&#8221;1.2&#8243; icon_font_size=&#8221;35px&#8221; global_colors_info=&#8221;{}&#8221;]Lorem ipsum dolor sit amet, eu per legimus that power referrentur.<br \/>\n[\/et_pb_blurb][\/et_pb_column][\/et_pb_row][\/et_pb_section]<\/p>\n","protected":false},"excerpt":{"rendered":"<p>Premios y reconocimientos: la excelencia artesanal Carden\u00e0Nuestros premios: la dulzura que conquistaLa calidad no necesita explicarse: se reconoce. Y cuando es reconocida por jurados independientes, ferias nacionales y presidiarios internacionales, se convierte en una valiosa confirmaci\u00f3n para quienes eligen nuestros dulces artesanales. Desde 1980 trabajamos con un \u00fanico objetivo: llevar a la mesa de quienes [&hellip;]<\/p>\n","protected":false},"author":1,"featured_media":0,"parent":0,"menu_order":0,"comment_status":"closed","ping_status":"closed","template":"","meta":{"_acf_changed":false,"_et_pb_use_builder":"on","_et_pb_old_content":"","_et_gb_content_width":"","_joinchat":[],"footnotes":""},"class_list":["post-11774","page","type-page","status-publish","hentry"],"acf":[],"_links":{"self":[{"href":"https:\/\/pasticceriacardena.it\/es\/wp-json\/wp\/v2\/pages\/11774","targetHints":{"allow":["GET"]}}],"collection":[{"href":"https:\/\/pasticceriacardena.it\/es\/wp-json\/wp\/v2\/pages"}],"about":[{"href":"https:\/\/pasticceriacardena.it\/es\/wp-json\/wp\/v2\/types\/page"}],"author":[{"embeddable":true,"href":"https:\/\/pasticceriacardena.it\/es\/wp-json\/wp\/v2\/users\/1"}],"replies":[{"embeddable":true,"href":"https:\/\/pasticceriacardena.it\/es\/wp-json\/wp\/v2\/comments?post=11774"}],"version-history":[{"count":19,"href":"https:\/\/pasticceriacardena.it\/es\/wp-json\/wp\/v2\/pages\/11774\/revisions"}],"predecessor-version":[{"id":13725,"href":"https:\/\/pasticceriacardena.it\/es\/wp-json\/wp\/v2\/pages\/11774\/revisions\/13725"}],"wp:attachment":[{"href":"https:\/\/pasticceriacardena.it\/es\/wp-json\/wp\/v2\/media?parent=11774"}],"curies":[{"name":"wp","href":"https:\/\/api.w.org\/{rel}","templated":true}]}}