{"id":11907,"date":"2025-09-25T10:02:38","date_gmt":"2025-09-25T08:02:38","guid":{"rendered":"https:\/\/pasticceriacardena.it\/tienda-2\/"},"modified":"2026-04-01T11:20:40","modified_gmt":"2026-04-01T09:20:40","slug":"tienda-2","status":"publish","type":"page","link":"https:\/\/pasticceriacardena.it\/es\/tienda-2\/","title":{"rendered":"Tienda"},"content":{"rendered":"<p>[et_pb_section fb_built=&#8221;1&#8243; _builder_version=&#8221;4.27.4&#8243; _module_preset=&#8221;default&#8221; custom_padding=&#8221;4px||3px|||&#8221; locked=&#8221;off&#8221; global_colors_info=&#8221;{}&#8221;][et_pb_row _builder_version=&#8221;4.27.4&#8243; _module_preset=&#8221;default&#8221; custom_padding=&#8221;6px||9px|||&#8221; global_colors_info=&#8221;{}&#8221;][et_pb_column type=&#8221;4_4&#8243; _builder_version=&#8221;4.27.4&#8243; _module_preset=&#8221;default&#8221; global_colors_info=&#8221;{}&#8221;][et_pb_text _builder_version=&#8221;4.27.4&#8243; _module_preset=&#8221;default&#8221; text_font=&#8221;|||on|||||&#8221; text_text_color=&#8221;#85774d&#8221; text_font_size=&#8221;21px&#8221; text_orientation=&#8221;center&#8221; hover_enabled=&#8221;0&#8243; locked=&#8221;off&#8221; global_colors_info=&#8221;{}&#8221; sticky_enabled=&#8221;0&#8243;]<\/p>\n<h1><strong>Dulces artesanales online:  <\/strong><\/h1>\n<h1><strong>panettones, columbas y especialidades  <\/strong><\/h1>\n<h1><strong>del obrador Carden\u00e0<\/strong><\/h1>\n<p>[\/et_pb_text][\/et_pb_column][\/et_pb_row][\/et_pb_section][et_pb_section fb_built=&#8221;1&#8243; _builder_version=&#8221;4.27.4&#8243; _module_preset=&#8221;default&#8221; min_height=&#8221;174px&#8221; custom_padding=&#8221;32px||0px|||&#8221; global_colors_info=&#8221;{}&#8221;][et_pb_row _builder_version=&#8221;4.27.4&#8243; _module_preset=&#8221;default&#8221; global_colors_info=&#8221;{}&#8221;][et_pb_column type=&#8221;4_4&#8243; _builder_version=&#8221;4.27.4&#8243; _module_preset=&#8221;default&#8221; global_colors_info=&#8221;{}&#8221;][et_pb_text _builder_version=&#8221;4.27.4&#8243; _module_preset=&#8221;default&#8221; hover_enabled=&#8221;0&#8243; global_colors_info=&#8221;{}&#8221; sticky_enabled=&#8221;0&#8243;]<\/p>\n<p style=\"text-align: justify;\">Bienvenido a nuestra tienda: cada dulce que encontrar\u00e1 aqu\u00ed nace en el <strong>obrador artesanal Carden\u00e0 en Monte Urano<\/strong>, en las Marcas, con la <strong>masa madre<\/strong> que cultivamos desde hace 40 a\u00f1os, <strong>ingredientes seleccionados sin aditivos ni conservantes<\/strong> y el mismo esmero que ponemos en cada masa desde 1980.<\/p>\n<p style=\"text-align: justify;\">\n<p style=\"text-align: justify;\"><strong>Panettones y columbas<\/strong> en los periodos estacionales, <strong>cremas para untar artesanales y galletas<\/strong> durante todo el a\u00f1o: cada producto cuenta una historia de territorio, tradici\u00f3n e investigaci\u00f3n. Visite nuestra tienda y elija su favorito \u2014 el <strong>env\u00edo es gratuito<\/strong> en toda Italia para pedidos superiores a 70 \u20ac. <\/p>\n<p>[\/et_pb_text][\/et_pb_column][\/et_pb_row][\/et_pb_section][et_pb_section fb_built=&#8221;1&#8243; _builder_version=&#8221;4.27.4&#8243; _module_preset=&#8221;default&#8221; custom_padding=&#8221;0px|||||&#8221; global_colors_info=&#8221;{}&#8221;][et_pb_row use_custom_gutter=&#8221;on&#8221; make_equal=&#8221;on&#8221; _builder_version=&#8221;4.27.4&#8243; _module_preset=&#8221;default&#8221; max_width=&#8221;2560px&#8221; global_colors_info=&#8221;{}&#8221;][et_pb_column type=&#8221;4_4&#8243; _builder_version=&#8221;4.27.4&#8243; _module_preset=&#8221;default&#8221; global_colors_info=&#8221;{}&#8221;][et_pb_shop type=&#8221;product_category&#8221; posts_number=&#8221;40&#8243; include_categories=&#8221;113,112,110&#8243; columns_number=&#8221;3&#8243; show_rating=&#8221;off&#8221; _builder_version=&#8221;4.27.4&#8243; _module_preset=&#8221;default&#8221; title_text_align=&#8221;center&#8221; price_text_align=&#8221;center&#8221; sale_badge_font=&#8221;||||||||&#8221; custom_css_free_form=&#8221;@media (max-width: 767px) {||  .woocommerce-page ul.products,||  .woocommerce ul.products {||    display: flex;||    flex-direction: column;||    align-items: center;||  }||  .woocommerce-page ul.products li.product,||  .woocommerce ul.products li.product {||    width: 90% !important;          \/* ingrandisce la card prodotto *\/||    max-width: 400px;               \/* limita larghezza su schermi molto larghi *\/||    margin-left: auto !important;||    margin-right: auto !important;||    text-align: center;             \/* centra titoli e testo *\/||  }||  .woocommerce ul.products li.product img {||    max-width: 100%;||    width: 620px;                   \/* puoi aumentare il valore per immagini pi\u00f9 grandi *\/||    margin-left: auto;||    margin-right: auto;||    display: block;||  }||  \/* Centra il prezzo, il titolo e il bottone *\/||  .woocommerce ul.products li.product .woocommerce-loop-product__title,||  .woocommerce ul.products li.product .price,||  .woocommerce ul.products li.product .add_to_cart_button {||    text-align: center;||    margin-left: auto;||    margin-right: auto;||    display: block;||  }||}||&#8221; border_width_all_image=&#8221;1px&#8221; global_colors_info=&#8221;{}&#8221;][\/et_pb_shop][\/et_pb_column][\/et_pb_row][\/et_pb_section]<\/p>\n","protected":false},"excerpt":{"rendered":"<p>Dulces artesanales online: panettones, columbas y especialidades del obrador Carden\u00e0Bienvenido a nuestra tienda: cada dulce que encontrar\u00e1 aqu\u00ed nace en el obrador artesanal Carden\u00e0 en Monte Urano, en las Marcas, con la masa madre que cultivamos desde hace 40 a\u00f1os, ingredientes seleccionados sin aditivos ni conservantes y el mismo esmero que ponemos en cada masa [&hellip;]<\/p>\n","protected":false},"author":1,"featured_media":0,"parent":0,"menu_order":0,"comment_status":"closed","ping_status":"closed","template":"","meta":{"_acf_changed":false,"_et_pb_use_builder":"on","_et_pb_old_content":"","_et_gb_content_width":"","_joinchat":[],"footnotes":""},"class_list":["post-11907","page","type-page","status-publish","hentry"],"acf":[],"_links":{"self":[{"href":"https:\/\/pasticceriacardena.it\/es\/wp-json\/wp\/v2\/pages\/11907","targetHints":{"allow":["GET"]}}],"collection":[{"href":"https:\/\/pasticceriacardena.it\/es\/wp-json\/wp\/v2\/pages"}],"about":[{"href":"https:\/\/pasticceriacardena.it\/es\/wp-json\/wp\/v2\/types\/page"}],"author":[{"embeddable":true,"href":"https:\/\/pasticceriacardena.it\/es\/wp-json\/wp\/v2\/users\/1"}],"replies":[{"embeddable":true,"href":"https:\/\/pasticceriacardena.it\/es\/wp-json\/wp\/v2\/comments?post=11907"}],"version-history":[{"count":17,"href":"https:\/\/pasticceriacardena.it\/es\/wp-json\/wp\/v2\/pages\/11907\/revisions"}],"predecessor-version":[{"id":13680,"href":"https:\/\/pasticceriacardena.it\/es\/wp-json\/wp\/v2\/pages\/11907\/revisions\/13680"}],"wp:attachment":[{"href":"https:\/\/pasticceriacardena.it\/es\/wp-json\/wp\/v2\/media?parent=11907"}],"curies":[{"name":"wp","href":"https:\/\/api.w.org\/{rel}","templated":true}]}}