{"id":12037,"date":"2025-09-25T11:08:40","date_gmt":"2025-09-25T09:08:40","guid":{"rendered":"https:\/\/pasticceriacardena.it\/spedizioni\/"},"modified":"2026-04-02T11:20:44","modified_gmt":"2026-04-02T09:20:44","slug":"spedizioni","status":"publish","type":"page","link":"https:\/\/pasticceriacardena.it\/es\/spedizioni\/","title":{"rendered":"Espediciones"},"content":{"rendered":"<p>[et_pb_section fb_built=&#8221;1&#8243; _builder_version=&#8221;4.27.4&#8243; _module_preset=&#8221;default&#8221; global_colors_info=&#8221;{}&#8221;][et_pb_row _builder_version=&#8221;4.27.4&#8243; _module_preset=&#8221;default&#8221; global_colors_info=&#8221;{}&#8221;][et_pb_column type=&#8221;4_4&#8243; _builder_version=&#8221;4.27.4&#8243; _module_preset=&#8221;default&#8221; global_colors_info=&#8221;{}&#8221;][et_pb_text _builder_version=&#8221;4.27.4&#8243; _module_preset=&#8221;default&#8221; hover_enabled=&#8221;0&#8243; global_colors_info=&#8221;{}&#8221; sticky_enabled=&#8221;0&#8243;]<\/p>\n<h1><strong>Env\u00edos: nuestros dulces artesanales en su domicilio<\/strong><\/h1>\n<p>[\/et_pb_text][et_pb_text _builder_version=&#8221;4.27.4&#8243; _module_preset=&#8221;default&#8221; hover_enabled=&#8221;0&#8243; global_colors_info=&#8221;{}&#8221; header_2_text_color=&#8221;#E09900&#8243; sticky_enabled=&#8221;0&#8243;]<\/p>\n<p style=\"text-align: justify;\">Cada dulce que enviamos desde el obrador Carden\u00e0 viaja con el mismo esmero con el que ha sido preparado. Aqu\u00ed tiene todo lo que necesita saber para recibirlo en las mejores condiciones. <\/p>\n<h2><em>D\u00f3nde enviamos<\/em><\/h2>\n<p style=\"text-align: justify;\">Realizamos env\u00edos a toda Italia y Europa. Para env\u00edos fuera de Europa, escr\u00edbanos directamente; evaluaremos cada solicitud con mucho gusto. <strong><\/strong><\/p>\n<h2><em>Costes y env\u00edo gratuito<\/em><\/h2>\n<p style=\"text-align: justify;\">El env\u00edo es gratuito en toda Italia para pedidos superiores a 70 \u20ac. Para pedidos de un importe inferior, el coste var\u00eda entre 9 \u20ac y 15 \u20ac en funci\u00f3n del peso del paquete; lo ver\u00e1 siempre indicado claramente en el carrito antes de finalizar el pedido. <\/p>\n<h2><em>Plazos de entrega<\/em><\/h2>\n<p style=\"text-align: justify;\">Todos los env\u00edos se conf\u00edan a DvA Express y se realizan en d\u00edas laborables, de lunes a viernes, con entrega de 9:00 a 12:30 y de 14:00 a 18:30. En periodos de temporada alta \u2014Navidad y Semana Santa\u2014 le recomendamos realizar su pedido con unos d\u00edas de antelaci\u00f3n para recibir sus dulces a tiempo. <\/p>\n<h2><strong><\/strong><\/h2>\n<h2><strong>\u00bfNecesita ayuda?<\/strong><\/h2>\n<p>Para pedidos urgentes, personalizados o cualquier duda sobre el env\u00edo, env\u00edenos un mensaje o ll\u00e1menos: estamos a su entera disposici\u00f3n.<\/p>\n<p>\ud83d\udcde +39 366 531 0442<\/p>\n<p style=\"text-align: justify;\">[\/et_pb_text][\/et_pb_column][\/et_pb_row][\/et_pb_section]<\/p>\n","protected":false},"excerpt":{"rendered":"<p>Env\u00edos: nuestros dulces artesanales en su domicilioCada dulce que enviamos desde el obrador Carden\u00e0 viaja con el mismo esmero con el que ha sido preparado. Aqu\u00ed tiene todo lo que necesita saber para recibirlo en las mejores condiciones. D\u00f3nde enviamos Realizamos env\u00edos a toda Italia y Europa. Para env\u00edos fuera de Europa, escr\u00edbanos directamente; evaluaremos [&hellip;]<\/p>\n","protected":false},"author":1,"featured_media":0,"parent":0,"menu_order":0,"comment_status":"closed","ping_status":"closed","template":"","meta":{"_acf_changed":false,"_et_pb_use_builder":"on","_et_pb_old_content":"","_et_gb_content_width":"","_joinchat":[],"footnotes":""},"class_list":["post-12037","page","type-page","status-publish","hentry"],"acf":[],"_links":{"self":[{"href":"https:\/\/pasticceriacardena.it\/es\/wp-json\/wp\/v2\/pages\/12037","targetHints":{"allow":["GET"]}}],"collection":[{"href":"https:\/\/pasticceriacardena.it\/es\/wp-json\/wp\/v2\/pages"}],"about":[{"href":"https:\/\/pasticceriacardena.it\/es\/wp-json\/wp\/v2\/types\/page"}],"author":[{"embeddable":true,"href":"https:\/\/pasticceriacardena.it\/es\/wp-json\/wp\/v2\/users\/1"}],"replies":[{"embeddable":true,"href":"https:\/\/pasticceriacardena.it\/es\/wp-json\/wp\/v2\/comments?post=12037"}],"version-history":[{"count":7,"href":"https:\/\/pasticceriacardena.it\/es\/wp-json\/wp\/v2\/pages\/12037\/revisions"}],"predecessor-version":[{"id":13877,"href":"https:\/\/pasticceriacardena.it\/es\/wp-json\/wp\/v2\/pages\/12037\/revisions\/13877"}],"wp:attachment":[{"href":"https:\/\/pasticceriacardena.it\/es\/wp-json\/wp\/v2\/media?parent=12037"}],"curies":[{"name":"wp","href":"https:\/\/api.w.org\/{rel}","templated":true}]}}