{"id":11660,"date":"2025-06-25T15:44:45","date_gmt":"2025-06-25T13:44:45","guid":{"rendered":"https:\/\/pasticceriacardena.it\/panetton-vegano\/"},"modified":"2026-03-28T13:12:47","modified_gmt":"2026-03-28T12:12:47","slug":"panetton-vegano","status":"publish","type":"product","link":"https:\/\/pasticceriacardena.it\/es\/product\/panetton-vegano\/","title":{"rendered":"Panett\u00f3n Vegano"},"content":{"rendered":"<p class=\"my-0\">Creado para satisfacer todas las necesidades sin renunciar al verdadero sabor artesanal, el Panett\u00f3n Vegano Cardena mantiene la receta de fermentaci\u00f3n lenta (72 horas) de la pasteler\u00eda tradicional, pero sustituye todos los componentes animales por ingredientes vegetales de primera calidad. Disponible en las variantes cl\u00e1sica (c\u00e1scara de naranja confitada y pasas de seis coronas) o con trozos de chocolate negro 58%, es muy esponjoso y natural, elaborado en molde alto Milano sin glaseado para dar protagonismo a los aromas y la autenticidad. Es la elecci\u00f3n de quienes buscan bondad, autenticidad y amor por la naturaleza&#8230; y no solo en Navidad.<\/p>\n","protected":false},"excerpt":{"rendered":"<p>Tradici\u00f3n Artesanal y Sabor Natural Sin Ingredientes Animales<\/p>\n","protected":false},"featured_media":12654,"template":"","meta":{"_acf_changed":false,"_et_pb_use_builder":"","_et_pb_old_content":"","_et_gb_content_width":"","_joinchat":[]},"product_brand":[],"product_cat":[291],"product_tag":[292,296,298,295,294,297,293],"class_list":{"0":"post-11660","1":"product","2":"type-product","3":"status-publish","4":"has-post-thumbnail","6":"product_cat-panettones","7":"product_tag-chocolate","8":"product_tag-dulces-navidenos-veganos","9":"product_tag-dulces-sin-ingredientes-animales","10":"product_tag-dulces-veganos","11":"product_tag-panettones-artesanales","12":"product_tag-productos-naturales-y-vegetales","13":"product_tag-vegano","15":"first","16":"outofstock","17":"shipping-taxable","18":"purchasable","19":"product-type-simple"},"acf":[],"wcpa_form_fields":null,"_links":{"self":[{"href":"https:\/\/pasticceriacardena.it\/es\/wp-json\/wp\/v2\/product\/11660","targetHints":{"allow":["GET"]}}],"collection":[{"href":"https:\/\/pasticceriacardena.it\/es\/wp-json\/wp\/v2\/product"}],"about":[{"href":"https:\/\/pasticceriacardena.it\/es\/wp-json\/wp\/v2\/types\/product"}],"wp:featuredmedia":[{"embeddable":true,"href":"https:\/\/pasticceriacardena.it\/es\/wp-json\/wp\/v2\/media\/12654"}],"wp:attachment":[{"href":"https:\/\/pasticceriacardena.it\/es\/wp-json\/wp\/v2\/media?parent=11660"}],"wp:term":[{"taxonomy":"product_brand","embeddable":true,"href":"https:\/\/pasticceriacardena.it\/es\/wp-json\/wp\/v2\/product_brand?post=11660"},{"taxonomy":"product_cat","embeddable":true,"href":"https:\/\/pasticceriacardena.it\/es\/wp-json\/wp\/v2\/product_cat?post=11660"},{"taxonomy":"product_tag","embeddable":true,"href":"https:\/\/pasticceriacardena.it\/es\/wp-json\/wp\/v2\/product_tag?post=11660"}],"curies":[{"name":"wp","href":"https:\/\/api.w.org\/{rel}","templated":true}]}}