{"id":11662,"date":"2025-06-25T15:44:45","date_gmt":"2025-06-25T13:44:45","guid":{"rendered":"https:\/\/pasticceriacardena.it\/pan-nociato-cardena\/"},"modified":"2026-03-28T13:12:33","modified_gmt":"2026-03-28T12:12:33","slug":"pan-nociato-cardena","status":"publish","type":"product","link":"https:\/\/pasticceriacardena.it\/es\/product\/pan-nociato-cardena\/","title":{"rendered":"Pan Nociato Cardena"},"content":{"rendered":"<p class=\"my-0\">El Pan Nociato Cardena es una p\u00e1gina de la historia de Las Marcas servida en la mesa: un dulce sencillo, antiguo, valioso para quienes aman la memoria y las emociones verdaderas. La masa incorpora nueces, higos secos, pasas, harina, huevos, aceite de oliva virgen extra y una mezcla de especias y licores que evocan el aroma de la fiesta rural y el compartir aut\u00e9ntico de los or\u00edgenes. Perfecto para vivir la Navidad con el sabor \u00edntimo de lo hecho en casa, hace revivir el calor de las cocinas de anta\u00f1o, cuando cada bocado era un momento de pura alegr\u00eda y serenidad familiar.  <\/p>\n","protected":false},"excerpt":{"rendered":"<p>El Dulce Tradicional de Las Marcas para una Navidad de Recuerdos y Sabor<\/p>\n","protected":false},"featured_media":11661,"template":"","meta":{"_acf_changed":false,"_et_pb_use_builder":"","_et_pb_old_content":"","_et_gb_content_width":"","_joinchat":[]},"product_brand":[],"product_cat":[291],"product_tag":[305,303,306,302,304,299,300,301],"class_list":{"0":"post-11662","1":"product","2":"type-product","3":"status-publish","4":"has-post-thumbnail","6":"product_cat-panettones","7":"product_tag-dulces-con-licores","8":"product_tag-dulces-navidenos-artesanales","9":"product_tag-dulces-rusticos-y-caseros","10":"product_tag-dulces-tradicionales-regionales","11":"product_tag-elaboraciones-con-nueces-y-frutos-secos","12":"product_tag-higos","13":"product_tag-nueces","14":"product_tag-tradicion","16":"first","17":"outofstock","18":"shipping-taxable","19":"purchasable","20":"product-type-simple"},"acf":[],"wcpa_form_fields":null,"_links":{"self":[{"href":"https:\/\/pasticceriacardena.it\/es\/wp-json\/wp\/v2\/product\/11662","targetHints":{"allow":["GET"]}}],"collection":[{"href":"https:\/\/pasticceriacardena.it\/es\/wp-json\/wp\/v2\/product"}],"about":[{"href":"https:\/\/pasticceriacardena.it\/es\/wp-json\/wp\/v2\/types\/product"}],"wp:featuredmedia":[{"embeddable":true,"href":"https:\/\/pasticceriacardena.it\/es\/wp-json\/wp\/v2\/media\/11661"}],"wp:attachment":[{"href":"https:\/\/pasticceriacardena.it\/es\/wp-json\/wp\/v2\/media?parent=11662"}],"wp:term":[{"taxonomy":"product_brand","embeddable":true,"href":"https:\/\/pasticceriacardena.it\/es\/wp-json\/wp\/v2\/product_brand?post=11662"},{"taxonomy":"product_cat","embeddable":true,"href":"https:\/\/pasticceriacardena.it\/es\/wp-json\/wp\/v2\/product_cat?post=11662"},{"taxonomy":"product_tag","embeddable":true,"href":"https:\/\/pasticceriacardena.it\/es\/wp-json\/wp\/v2\/product_tag?post=11662"}],"curies":[{"name":"wp","href":"https:\/\/api.w.org\/{rel}","templated":true}]}}