{"id":11664,"date":"2025-06-25T15:44:44","date_gmt":"2025-06-25T13:44:44","guid":{"rendered":"https:\/\/pasticceriacardena.it\/panetton-artesanal-meraviglia-noir\/"},"modified":"2026-03-26T22:03:11","modified_gmt":"2026-03-26T21:03:11","slug":"panetton-artesanal-meraviglia-noir","status":"publish","type":"product","link":"https:\/\/pasticceriacardena.it\/es\/product\/panetton-artesanal-meraviglia-noir\/","title":{"rendered":"Meraviglia Noir"},"content":{"rendered":"<p class=\"my-0\">Meraviglia Noir es la voz clara de la sofisticaci\u00f3n: un panett\u00f3n pensado para verdaderos entendidos. La masa, enriquecida con pasta de cacao y trozos de chocolate extra (62%), ofrece un equilibrio perfecto entre una textura suave y aterciopelada y un sabor intens\u00edsimo, profundo pero nunca empalagoso, que envuelve y conquista. Cada bocado es un viaje elegante por el universo del chocolate, hecho liger\u00edsimo por la elaboraci\u00f3n artesanal y experta de la masa madre y los ingredientes seleccionados. Ideal para quienes desean una celebraci\u00f3n gourmet, un estilo inconfundible en la mesa y en el recuerdo.   <\/p>\n<p><strong>Env\u00edo a toda Italia por 9,90 \u20ac <\/strong><br \/>\n<strong>(a partir del 19-12-25 todos los pedidos se enviar\u00e1n despu\u00e9s del 25 de diciembre)<\/strong><\/p>\n","protected":false},"excerpt":{"rendered":"<p>El Sabor Intenso del Chocolate Extra<\/p>\n","protected":false},"featured_media":12477,"template":"","meta":{"_acf_changed":false,"_et_pb_use_builder":"","_et_pb_old_content":"","_et_gb_content_width":"","_joinchat":[]},"product_brand":[],"product_cat":[291],"product_tag":[307,309,311,308,294,310,312],"class_list":{"0":"post-11664","1":"product","2":"type-product","3":"status-publish","4":"has-post-thumbnail","6":"product_cat-panettones","7":"product_tag-cacao-extra","8":"product_tag-dulces-artesanales-de-chocolate","9":"product_tag-dulces-navidenos-premium","10":"product_tag-intenso","11":"product_tag-panettones-artesanales","12":"product_tag-panettones-gourmet","13":"product_tag-productos-con-masa-madre","14":"wcpa_has_options","16":"first","17":"outofstock","18":"sale","19":"shipping-taxable","20":"purchasable","21":"product-type-variable"},"acf":[],"wcpa_form_fields":null,"_links":{"self":[{"href":"https:\/\/pasticceriacardena.it\/es\/wp-json\/wp\/v2\/product\/11664","targetHints":{"allow":["GET"]}}],"collection":[{"href":"https:\/\/pasticceriacardena.it\/es\/wp-json\/wp\/v2\/product"}],"about":[{"href":"https:\/\/pasticceriacardena.it\/es\/wp-json\/wp\/v2\/types\/product"}],"wp:featuredmedia":[{"embeddable":true,"href":"https:\/\/pasticceriacardena.it\/es\/wp-json\/wp\/v2\/media\/12477"}],"wp:attachment":[{"href":"https:\/\/pasticceriacardena.it\/es\/wp-json\/wp\/v2\/media?parent=11664"}],"wp:term":[{"taxonomy":"product_brand","embeddable":true,"href":"https:\/\/pasticceriacardena.it\/es\/wp-json\/wp\/v2\/product_brand?post=11664"},{"taxonomy":"product_cat","embeddable":true,"href":"https:\/\/pasticceriacardena.it\/es\/wp-json\/wp\/v2\/product_cat?post=11664"},{"taxonomy":"product_tag","embeddable":true,"href":"https:\/\/pasticceriacardena.it\/es\/wp-json\/wp\/v2\/product_tag?post=11664"}],"curies":[{"name":"wp","href":"https:\/\/api.w.org\/{rel}","templated":true}]}}