{"id":11666,"date":"2025-06-25T15:44:44","date_gmt":"2025-06-25T13:44:44","guid":{"rendered":"https:\/\/pasticceriacardena.it\/pandoro-artesanal\/"},"modified":"2026-03-26T22:03:32","modified_gmt":"2026-03-26T21:03:32","slug":"pandoro-artesanal","status":"publish","type":"product","link":"https:\/\/pasticceriacardena.it\/es\/product\/pandoro-artesanal\/","title":{"rendered":"Pandoro Artesanal"},"content":{"rendered":"<p class=\"my-0 py-2\">Descubra el encanto de la Navidad con nuestro Pandoro artesanal, una obra maestra de suavidad y tradici\u00f3n veronesa que cuenta historias de bondad y pasi\u00f3n. Su masa suave como una nube y dorada como el amanecer de diciembre nace de una elaboraci\u00f3n larga y meticulosa, pensada para realzar cada aroma aut\u00e9ntico. <\/p>\n<p class=\"my-0 py-2\">Realizado con ingredientes seleccionados de alt\u00edsima calidad \u2014 harinas de tipo \u201c00\u201d, huevos fresqu\u00edsimos de categor\u00eda A, mantequilla pura y Masa Madre \u2014 nuestro Pandoro desprende aromas envolventes de vainilla natural y c\u00edtricos, que despiertan los sentidos a cada bocado. Sin ning\u00fan relleno, deja espacio a la imaginaci\u00f3n, perfecto para degustar tal cual o para acompa\u00f1ar con nuestras cremas artesanales al pistacho, gianduia o zabaione, para una experiencia de sabor \u00fanica y refinada. <\/p>\n<p class=\"my-0 py-2\">Este dulce cl\u00e1sico, s\u00edmbolo de fiesta y convivencia, es un \u00abmust\u00bb para quien desea llevar a la mesa de Navidad la verdadera esencia de la tradici\u00f3n italiana, trabajada con cuidado y respeto por la bondad aut\u00e9ntica. Perfecto para regalarlo o para mimarse en familia, nuestro Pandoro promete sorprender y conquistar cada paladar. <\/p>\n<p><strong>Env\u00edo a toda Italia por 9,90 \u20ac <\/strong><br \/>\n<strong>(a partir del 19-12-25 todos los pedidos se procesar\u00e1n despu\u00e9s del 25 de diciembre)<\/strong><\/p>\n","protected":false},"excerpt":{"rendered":"<p>Tradici\u00f3n Veronesa y Suavidad Inconfundible<\/p>\n","protected":false},"featured_media":12658,"template":"","meta":{"_acf_changed":false,"_et_pb_use_builder":"","_et_pb_old_content":"","_et_gb_content_width":"","_joinchat":[]},"product_brand":[],"product_cat":[313],"product_tag":[314,319,316,318,315,317,320],"class_list":{"0":"post-11666","1":"product","2":"type-product","3":"status-publish","4":"has-post-thumbnail","6":"product_cat-pandori","7":"product_tag-clasico","8":"product_tag-cremas-artesanales-para-combinar","9":"product_tag-dulces-navidenos","10":"product_tag-dulces-sin-rellenos","11":"product_tag-navidad","12":"product_tag-pandoro-artesanal","13":"product_tag-tradicion-italiana","14":"wcpa_has_options","16":"first","17":"outofstock","18":"shipping-taxable","19":"purchasable","20":"product-type-simple"},"acf":[],"wcpa_form_fields":null,"_links":{"self":[{"href":"https:\/\/pasticceriacardena.it\/es\/wp-json\/wp\/v2\/product\/11666","targetHints":{"allow":["GET"]}}],"collection":[{"href":"https:\/\/pasticceriacardena.it\/es\/wp-json\/wp\/v2\/product"}],"about":[{"href":"https:\/\/pasticceriacardena.it\/es\/wp-json\/wp\/v2\/types\/product"}],"wp:featuredmedia":[{"embeddable":true,"href":"https:\/\/pasticceriacardena.it\/es\/wp-json\/wp\/v2\/media\/12658"}],"wp:attachment":[{"href":"https:\/\/pasticceriacardena.it\/es\/wp-json\/wp\/v2\/media?parent=11666"}],"wp:term":[{"taxonomy":"product_brand","embeddable":true,"href":"https:\/\/pasticceriacardena.it\/es\/wp-json\/wp\/v2\/product_brand?post=11666"},{"taxonomy":"product_cat","embeddable":true,"href":"https:\/\/pasticceriacardena.it\/es\/wp-json\/wp\/v2\/product_cat?post=11666"},{"taxonomy":"product_tag","embeddable":true,"href":"https:\/\/pasticceriacardena.it\/es\/wp-json\/wp\/v2\/product_tag?post=11666"}],"curies":[{"name":"wp","href":"https:\/\/api.w.org\/{rel}","templated":true}]}}