{"id":11679,"date":"2025-06-25T15:44:42","date_gmt":"2025-06-25T13:44:42","guid":{"rendered":"https:\/\/pasticceriacardena.it\/moka-white\/"},"modified":"2026-03-26T22:02:49","modified_gmt":"2026-03-26T21:02:49","slug":"moka-white","status":"publish","type":"product","link":"https:\/\/pasticceriacardena.it\/es\/product\/moka-white\/","title":{"rendered":"Moka White"},"content":{"rendered":"<p data-pm-slice=\"1 1 []\">Para quienes aman el caf\u00e9 y buscan una experiencia nueva, el panettone Moka White es una sinfon\u00eda inesperada.<\/p>\n<p>El sabor decidido del caf\u00e9 100% Ar\u00e1bica, seleccionado entre los mejores or\u00edgenes, se encuentra con la dulzura cremosa del chocolate blanco en una masa esponjosa, arom\u00e1tica y naturalmente fermentada.<\/p>\n<p>Cada rebanada est\u00e1 envuelta en notas tostadas y dulces, en un perfecto equilibrio entre intensidad y refinamiento. Un panettone para verdaderos entendidos, ideal para el desayuno o para cerrar con elegancia una cena navide\u00f1a. <\/p>\n<p><strong>Env\u00edo a toda Italia por 9,90 \u20ac  <\/strong><br \/>\n<strong>(a partir del 19-12-25 todos los pedidos se enviar\u00e1n despu\u00e9s del 25 de diciembre)<\/strong><\/p>\n","protected":false},"excerpt":{"rendered":"<p>Panettone al Caf\u00e9 Ar\u00e1bica y Chocolate Blanco<\/p>\n","protected":false},"featured_media":12372,"template":"","meta":{"_acf_changed":false,"_et_pb_use_builder":"","_et_pb_old_content":"","_et_gb_content_width":"","_joinchat":[]},"product_brand":[],"product_cat":[291],"product_tag":[347,348,351,350,349,353,352],"class_list":{"0":"post-11679","1":"product","2":"type-product","3":"status-publish","4":"has-post-thumbnail","6":"product_cat-panettones","7":"product_tag-cafe-arabica","8":"product_tag-chocolate-blanco","9":"product_tag-dulce-artesanal-moderno","10":"product_tag-moka-white","11":"product_tag-panettone-al-cafe","12":"product_tag-panettone-gourmet","13":"product_tag-panettone-para-entendidos","14":"wcpa_has_options","16":"first","17":"outofstock","18":"shipping-taxable","19":"purchasable","20":"product-type-variable"},"acf":[],"wcpa_form_fields":null,"_links":{"self":[{"href":"https:\/\/pasticceriacardena.it\/es\/wp-json\/wp\/v2\/product\/11679","targetHints":{"allow":["GET"]}}],"collection":[{"href":"https:\/\/pasticceriacardena.it\/es\/wp-json\/wp\/v2\/product"}],"about":[{"href":"https:\/\/pasticceriacardena.it\/es\/wp-json\/wp\/v2\/types\/product"}],"wp:featuredmedia":[{"embeddable":true,"href":"https:\/\/pasticceriacardena.it\/es\/wp-json\/wp\/v2\/media\/12372"}],"wp:attachment":[{"href":"https:\/\/pasticceriacardena.it\/es\/wp-json\/wp\/v2\/media?parent=11679"}],"wp:term":[{"taxonomy":"product_brand","embeddable":true,"href":"https:\/\/pasticceriacardena.it\/es\/wp-json\/wp\/v2\/product_brand?post=11679"},{"taxonomy":"product_cat","embeddable":true,"href":"https:\/\/pasticceriacardena.it\/es\/wp-json\/wp\/v2\/product_cat?post=11679"},{"taxonomy":"product_tag","embeddable":true,"href":"https:\/\/pasticceriacardena.it\/es\/wp-json\/wp\/v2\/product_tag?post=11679"}],"curies":[{"name":"wp","href":"https:\/\/api.w.org\/{rel}","templated":true}]}}