{"id":11684,"date":"2025-06-25T15:44:42","date_gmt":"2025-06-25T13:44:42","guid":{"rendered":"https:\/\/pasticceriacardena.it\/regaliz-y-limon\/"},"modified":"2026-03-28T13:12:49","modified_gmt":"2026-03-28T12:12:49","slug":"regaliz-y-limon","status":"publish","type":"product","link":"https:\/\/pasticceriacardena.it\/es\/product\/regaliz-y-limon\/","title":{"rendered":"Regaliz y Lim\u00f3n"},"content":{"rendered":"<p data-pm-slice=\"1 1 []\">Esta creaci\u00f3n es un tributo a la lentitud, a la fermentaci\u00f3n natural y a la pasi\u00f3n que cada d\u00eda ponemos en nuestro oficio.<\/p>\n<p>El aroma envolvente del caramelo salado se encuentra con la delicadeza de la pera Williams, dando vida a un dulce armonioso, de sabor \u00fanico e inolvidable. La masa suave y fragante se obtiene de masa madre viva, mantequilla y huevos seleccionados, enriquecida con trozos de pera jugosa y una dulce nota tostada. <\/p>\n<p>Para completar, un glaseado brillante y dorado de caramelo salado, enriquecido con crujientes de chocolate con leche que aportan un contraste elegante y gourmet en cada bocado.<\/p>\n<p><strong>Ingredientes principales:<\/strong><br \/>\nHarina de trigo blando tipo &#8220;00&#8221;,<br \/>\ncaramelo salado 14%,<br \/>\nmantequilla,<br \/>\npera Williams 25%,<br \/>\nmasa madre,<br \/>\naz\u00facar,<br \/>\nyema de huevo 1A,<br \/>\nagua,<br \/>\nmiel,<br \/>\nmalta,<br \/>\nsal.<\/p>\n<p>Glaseado: chocolate de caramelo salado, crujientes de chocolate con leche. Aromas naturales (lim\u00f3n, naranja, vainilla en vainas).<\/p>\n","protected":false},"excerpt":{"rendered":"<p>Panettone Mediterr\u00e1neo de Sabor In\u00e9dito<\/p>\n","protected":false},"featured_media":12700,"template":"","meta":{"_acf_changed":false,"_et_pb_use_builder":"","_et_pb_old_content":"","_et_gb_content_width":"","_joinchat":[]},"product_brand":[],"product_cat":[291],"product_tag":[358,360,355,356,357,359,354],"class_list":{"0":"post-11684","1":"product","2":"type-product","3":"status-publish","4":"has-post-thumbnail","6":"product_cat-panettones","7":"product_tag-dulce-artesanal-gourmet","8":"product_tag-dulce-navideno-original","9":"product_tag-limon-de-sorrento","10":"product_tag-panettone-de-caramelo","11":"product_tag-panettone-de-pera","12":"product_tag-producto-fermentado-moderno","13":"product_tag-regaliz","14":"wcpa_has_options","16":"first","17":"outofstock","18":"shipping-taxable","19":"purchasable","20":"product-type-variable"},"acf":[],"wcpa_form_fields":null,"_links":{"self":[{"href":"https:\/\/pasticceriacardena.it\/es\/wp-json\/wp\/v2\/product\/11684","targetHints":{"allow":["GET"]}}],"collection":[{"href":"https:\/\/pasticceriacardena.it\/es\/wp-json\/wp\/v2\/product"}],"about":[{"href":"https:\/\/pasticceriacardena.it\/es\/wp-json\/wp\/v2\/types\/product"}],"wp:featuredmedia":[{"embeddable":true,"href":"https:\/\/pasticceriacardena.it\/es\/wp-json\/wp\/v2\/media\/12700"}],"wp:attachment":[{"href":"https:\/\/pasticceriacardena.it\/es\/wp-json\/wp\/v2\/media?parent=11684"}],"wp:term":[{"taxonomy":"product_brand","embeddable":true,"href":"https:\/\/pasticceriacardena.it\/es\/wp-json\/wp\/v2\/product_brand?post=11684"},{"taxonomy":"product_cat","embeddable":true,"href":"https:\/\/pasticceriacardena.it\/es\/wp-json\/wp\/v2\/product_cat?post=11684"},{"taxonomy":"product_tag","embeddable":true,"href":"https:\/\/pasticceriacardena.it\/es\/wp-json\/wp\/v2\/product_tag?post=11684"}],"curies":[{"name":"wp","href":"https:\/\/api.w.org\/{rel}","templated":true}]}}