{"id":11696,"date":"2025-06-25T15:44:40","date_gmt":"2025-06-25T13:44:40","guid":{"rendered":"https:\/\/pasticceriacardena.it\/panettone-tradicional-artesanal-cardena\/"},"modified":"2026-03-26T21:55:29","modified_gmt":"2026-03-26T20:55:29","slug":"panettone-tradicional-artesanal-cardena","status":"publish","type":"product","link":"https:\/\/pasticceriacardena.it\/es\/product\/panettone-tradicional-artesanal-cardena\/","title":{"rendered":"El Panettone Carden\u00e0"},"content":{"rendered":"<p data-pm-slice=\"1 3 []\">En su interior se esconden dados de naranja confitada y cidra de Calabria, inmersos en una masa suave y arom\u00e1tica, enriquecida con pasas australianas seleccionadas.<\/p>\n<p>El glaseado de amaretto \u2013 elaborado con almendras y avellanas \u2013 es una caricia crujiente que sella sabores aut\u00e9nticos.<\/p>\n<p>Perfecto como regalo, s\u00edmbolo festivo o ritual familiar, es un viaje a trav\u00e9s de la memoria y la bondad.<\/p>\n<p><strong>Sin conservantes. Hecho a mano. Con amor.  <\/strong><\/p>\n<p><strong>Env\u00edo a toda Italia por 9,90 \u20ac <\/strong><br \/>\n<strong>(a partir del 19-12-25 todos los pedidos se tramitar\u00e1n despu\u00e9s del 25 de diciembre)<\/strong><\/p>\n","protected":false},"excerpt":{"rendered":"<p>El Rey de los fermentados: 62 horas de pura maestr\u00eda artesanal, enriquecido con frutas confitadas de Calabria y envuelto en un precioso glaseado de amaretto. Un cl\u00e1sico imperecedero, lleno de elegancia y tradici\u00f3n. <\/p>\n","protected":false},"featured_media":12062,"template":"","meta":{"_acf_changed":false,"_et_pb_use_builder":"","_et_pb_old_content":"","_et_gb_content_width":"","_joinchat":[]},"product_brand":[],"product_cat":[291],"product_tag":[370,369,372,368,371,373],"class_list":{"0":"post-11696","1":"product","2":"type-product","3":"status-publish","4":"has-post-thumbnail","6":"product_cat-panettones","7":"product_tag-dulce-navideno","8":"product_tag-fermentacion-natural","9":"product_tag-hecho-a-mano","10":"product_tag-panettone-artesanal","11":"product_tag-regalo-gourmet","12":"product_tag-sin-conservantes","13":"wcpa_has_options","15":"first","16":"outofstock","17":"shipping-taxable","18":"purchasable","19":"product-type-variable"},"acf":[],"wcpa_form_fields":null,"_links":{"self":[{"href":"https:\/\/pasticceriacardena.it\/es\/wp-json\/wp\/v2\/product\/11696","targetHints":{"allow":["GET"]}}],"collection":[{"href":"https:\/\/pasticceriacardena.it\/es\/wp-json\/wp\/v2\/product"}],"about":[{"href":"https:\/\/pasticceriacardena.it\/es\/wp-json\/wp\/v2\/types\/product"}],"wp:featuredmedia":[{"embeddable":true,"href":"https:\/\/pasticceriacardena.it\/es\/wp-json\/wp\/v2\/media\/12062"}],"wp:attachment":[{"href":"https:\/\/pasticceriacardena.it\/es\/wp-json\/wp\/v2\/media?parent=11696"}],"wp:term":[{"taxonomy":"product_brand","embeddable":true,"href":"https:\/\/pasticceriacardena.it\/es\/wp-json\/wp\/v2\/product_brand?post=11696"},{"taxonomy":"product_cat","embeddable":true,"href":"https:\/\/pasticceriacardena.it\/es\/wp-json\/wp\/v2\/product_cat?post=11696"},{"taxonomy":"product_tag","embeddable":true,"href":"https:\/\/pasticceriacardena.it\/es\/wp-json\/wp\/v2\/product_tag?post=11696"}],"curies":[{"name":"wp","href":"https:\/\/api.w.org\/{rel}","templated":true}]}}