{"id":12121,"date":"2017-11-13T14:47:30","date_gmt":"2017-11-13T13:47:30","guid":{"rendered":"https:\/\/pasticceriacardena.it\/maria-et-matteo\/"},"modified":"2026-03-31T18:47:47","modified_gmt":"2026-03-31T16:47:47","slug":"maria-et-matteo","status":"publish","type":"page","link":"https:\/\/pasticceriacardena.it\/fr\/maria-et-matteo\/","title":{"rendered":"Maria et Matteo"},"content":{"rendered":"<p>[et_pb_section fb_built=&#8221;1&#8243; disabled_on=&#8221;on|on|on&#8221; admin_label=&#8221;txt spedizione gratuita&#8221; _builder_version=&#8221;4.27.4&#8243; _module_preset=&#8221;default&#8221; custom_padding=&#8221;4px||3px|||&#8221; disabled=&#8221;on&#8221; locked=&#8221;off&#8221; global_colors_info=&#8221;{}&#8221;][et_pb_row _builder_version=&#8221;4.27.4&#8243; _module_preset=&#8221;default&#8221; custom_padding=&#8221;6px||9px|||&#8221; global_colors_info=&#8221;{}&#8221;][et_pb_column type=&#8221;4_4&#8243; _builder_version=&#8221;4.27.4&#8243; _module_preset=&#8221;default&#8221; global_colors_info=&#8221;{}&#8221;][et_pb_text _builder_version=&#8221;4.27.4&#8243; _module_preset=&#8221;default&#8221; text_font=&#8221;|||on|||||&#8221; text_text_color=&#8221;#85774d&#8221; text_font_size=&#8221;21px&#8221; text_orientation=&#8221;center&#8221; global_colors_info=&#8221;{}&#8221;]<\/p>\n<p><strong>Profitez de la livraison gratuite sur toutes les commandes de plus de 70 \u20ac !<\/strong><\/p>\n<p>[\/et_pb_text][\/et_pb_column][\/et_pb_row][\/et_pb_section][et_pb_section fb_built=&#8221;1&#8243; custom_padding_last_edited=&#8221;on|phone&#8221; admin_label=&#8221;Section &#8211; About header&#8221; _builder_version=&#8221;4.27.4&#8243; background_color=&#8221;#dedede&#8221; background_image=&#8221;https:\/\/pasticceriacardena.it\/wp-content\/uploads\/2025\/08\/panettone-artigianale-premiato.jpg&#8221; custom_padding=&#8221;150px||250px|&#8221; custom_padding_tablet=&#8221;100px||100px|&#8221; custom_padding_phone=&#8221;75px||75px|&#8221; global_colors_info=&#8221;{}&#8221;][et_pb_row _builder_version=&#8221;4.16&#8243; background_size=&#8221;initial&#8221; background_position=&#8221;top_left&#8221; background_repeat=&#8221;repeat&#8221; global_colors_info=&#8221;{}&#8221;][et_pb_column type=&#8221;4_4&#8243; _builder_version=&#8221;4.16&#8243; custom_padding=&#8221;|||&#8221; global_colors_info=&#8221;{}&#8221; custom_padding__hover=&#8221;|||&#8221;][et_pb_text admin_label=&#8221;About Page Top Header &#8211; Text&#8221; _builder_version=&#8221;4.27.4&#8243; text_font=&#8221;|300|||||||&#8221; text_text_color=&#8221;#FFFFFF&#8221; text_font_size=&#8221;20px&#8221; header_font=&#8221;|700||on|||||&#8221; header_text_color=&#8221;#FFFFFF&#8221; header_font_size=&#8221;60px&#8221; text_orientation=&#8221;center&#8221; module_alignment=&#8221;center&#8221; text_font_size_tablet=&#8221;19px&#8221; text_font_size_phone=&#8221;17px&#8221; text_font_size_last_edited=&#8221;on|phone&#8221; header_font_size_tablet=&#8221;50px&#8221; header_font_size_phone=&#8221;35px&#8221; header_font_size_last_edited=&#8221;on|tablet&#8221; global_colors_info=&#8221;{}&#8221;]<\/p>\n<h1 style=\"text-align: center;\">Qui sommes-nous :<\/h1>\n<h1 style=\"text-align: center;\">l&#8217;histoire de la P\u00e2tisserie Carden\u00e0<\/h1>\n<p>[\/et_pb_text][\/et_pb_column][\/et_pb_row][\/et_pb_section][et_pb_section fb_built=&#8221;1&#8243; custom_padding_last_edited=&#8221;on|desktop&#8221; admin_label=&#8221;Section &#8211; About content&#8221; _builder_version=&#8221;4.16&#8243; custom_padding=&#8221;0px||10px|&#8221; custom_padding_tablet=&#8221;50px|||&#8221; custom_padding_phone=&#8221;&#8221; global_colors_info=&#8221;{}&#8221;][et_pb_row column_structure=&#8221;1_2,1_2&#8243; use_custom_gutter=&#8221;on&#8221; gutter_width=&#8221;1&#8243; make_equal=&#8221;on&#8221; module_class=&#8221;about-page-content&#8221; _builder_version=&#8221;4.27.4&#8243; custom_margin_tablet=&#8221;&#8221; custom_margin_phone=&#8221;&#8221; custom_margin_last_edited=&#8221;on|desktop&#8221; custom_padding=&#8221;0px|||&#8221; global_colors_info=&#8221;{}&#8221;][et_pb_column type=&#8221;1_2&#8243; _builder_version=&#8221;4.16&#8243; background_color=&#8221;#ffffff&#8221; custom_padding=&#8221;75px|50px|30px|50px&#8221; custom_padding_tablet=&#8221;30px|0px|0px|0px&#8221; custom_padding_phone=&#8221;&#8221; custom_padding_last_edited=&#8221;on|desktop&#8221; global_colors_info=&#8221;{}&#8221; custom_padding__hover=&#8221;|||&#8221;][et_pb_text admin_label=&#8221;Text h1 header&#8221; _builder_version=&#8221;4.27.4&#8243; text_text_color=&#8221;#E09900&#8243; header_font=&#8221;|700|||||||&#8221; header_text_color=&#8221;#000000&#8243; header_font_size=&#8221;35px&#8221; header_2_text_color=&#8221;#E09900&#8243; header_3_text_color=&#8221;#E09900&#8243; background_layout=&#8221;dark&#8221; custom_margin=&#8221;||20px|&#8221; header_font_size_tablet=&#8221;33px&#8221; header_font_size_phone=&#8221;27px&#8221; header_font_size_last_edited=&#8221;on|phone&#8221; global_colors_info=&#8221;{}&#8221;]<\/p>\n<h2><strong>Un laboratoire artisanal dans les Marches avec 40 ans d&#8217;histoire<\/strong><\/h2>\n<h3> <\/h3>\n<p>[\/et_pb_text][et_pb_text _builder_version=&#8221;4.27.4&#8243; header_2_text_color=&#8221;#E09900&#8243; header_3_text_color=&#8221;#E09900&#8243; global_colors_info=&#8221;{}&#8221;]<\/p>\n<p style=\"text-align: justify;\">Nous sommes une <strong>p\u00e2tisserie artisanale<\/strong>, c&#8217;est vrai.<br \/>Mais nous sommes bien plus que cela : nous sommes une <strong>famille<\/strong>.<\/p>\n<p style=\"text-align: justify;\">Et lorsque l&#8217;on travaille avec ceux que l&#8217;on aime, chaque geste devient attention, chaque p\u00e2te une promesse, chaque douceur une d\u00e9dicace.<\/p>\n<h3>La douceur est une affaire de famille<\/h3>\n<p style=\"text-align: justify;\">C&#8217;est ainsi qu&#8217;est n\u00e9e la <strong>P\u00e2tisserie Artisanale Carden\u00e0<\/strong>, fond\u00e9e <strong>en 1980<\/strong> par <strong>Carlo Felice<\/strong> dans les Marches : un homme qui a transform\u00e9 sa passion en m\u00e9tier, et le m\u00e9tier en h\u00e9ritage.<\/p>\n<p style=\"text-align: justify;\">Aujourd&#8217;hui encore, nous sommes une entreprise familiale, fid\u00e8le \u00e0 ses racines mais le regard tourn\u00e9 vers l&#8217;avenir. Un avenir fait de <strong>s\u00e9lection rigoureuse des mati\u00e8res premi\u00e8res, de produits lev\u00e9s artisanaux pr\u00e9par\u00e9s avec le levain que nous cultivons depuis 40 ans<\/strong>, de douceurs de la tradition italienne qui ne font jamais de compromis sur la qualit\u00e9. <\/p>\n<p style=\"text-align: justify;\">Apr\u00e8s des ann\u00e9es de d\u00e9vouement, le flambeau est pass\u00e9 \u00e0 moi, <strong>Maria, et \u00e0 mon mari Matteo<\/strong> : unis dans la vie comme dans le travail, avec le m\u00eame engagement et la m\u00eame passion que Carlo Felice nous a enseign\u00e9s. Parce que nous croyons que les vraies saveurs n&#8217;ont pas besoin d&#8217;additifs, mais seulement de temps, de c\u0153ur et de mains qui savent respecter la tradition.<\/p>\n<p style=\"text-align: justify;\">[\/et_pb_text][\/et_pb_column][et_pb_column type=&#8221;1_2&#8243; _builder_version=&#8221;4.27.4&#8243; background_color=&#8221;#f9f9f9&#8243; background_image=&#8221;https:\/\/pasticceriacardena.it\/wp-content\/uploads\/2025\/06\/mariamatteo.png&#8221; custom_padding=&#8221;|||&#8221; background_last_edited=&#8221;on|phone&#8221; background_enable_image_tablet=&#8221;off&#8221; background_enable_image_phone=&#8221;off&#8221; global_colors_info=&#8221;{}&#8221; custom_padding__hover=&#8221;|||&#8221;][et_pb_image src=&#8221;https:\/\/pasticceriacardena.it\/wp-content\/uploads\/2025\/06\/mariamatteo.png&#8221; title_text=&#8221;mariamatteo&#8221; disabled_on=&#8221;off|off|on&#8221; _builder_version=&#8221;4.27.4&#8243; _module_preset=&#8221;default&#8221; global_colors_info=&#8221;{}&#8221;][\/et_pb_image][\/et_pb_column][\/et_pb_row][\/et_pb_section]<\/p>\n","protected":false},"excerpt":{"rendered":"<p>Profitez de la livraison gratuite sur toutes les commandes de plus de 70 \u20ac !Qui sommes-nous : l&#8217;histoire de la P\u00e2tisserie Carden\u00e0Un laboratoire artisanal dans les Marches avec 40 ans d&#8217;histoire Nous sommes une p\u00e2tisserie artisanale, c&#8217;est vrai.Mais nous sommes bien plus que cela : nous sommes une famille. Et lorsque l&#8217;on travaille avec ceux [&hellip;]<\/p>\n","protected":false},"author":1,"featured_media":0,"parent":0,"menu_order":0,"comment_status":"closed","ping_status":"closed","template":"","meta":{"_acf_changed":false,"_et_pb_use_builder":"on","_et_pb_old_content":"","_et_gb_content_width":"","_joinchat":[],"footnotes":""},"class_list":["post-12121","page","type-page","status-publish","hentry"],"acf":[],"_links":{"self":[{"href":"https:\/\/pasticceriacardena.it\/fr\/wp-json\/wp\/v2\/pages\/12121","targetHints":{"allow":["GET"]}}],"collection":[{"href":"https:\/\/pasticceriacardena.it\/fr\/wp-json\/wp\/v2\/pages"}],"about":[{"href":"https:\/\/pasticceriacardena.it\/fr\/wp-json\/wp\/v2\/types\/page"}],"author":[{"embeddable":true,"href":"https:\/\/pasticceriacardena.it\/fr\/wp-json\/wp\/v2\/users\/1"}],"replies":[{"embeddable":true,"href":"https:\/\/pasticceriacardena.it\/fr\/wp-json\/wp\/v2\/comments?post=12121"}],"version-history":[{"count":12,"href":"https:\/\/pasticceriacardena.it\/fr\/wp-json\/wp\/v2\/pages\/12121\/revisions"}],"predecessor-version":[{"id":13607,"href":"https:\/\/pasticceriacardena.it\/fr\/wp-json\/wp\/v2\/pages\/12121\/revisions\/13607"}],"wp:attachment":[{"href":"https:\/\/pasticceriacardena.it\/fr\/wp-json\/wp\/v2\/media?parent=12121"}],"curies":[{"name":"wp","href":"https:\/\/api.w.org\/{rel}","templated":true}]}}