{"id":12155,"date":"2025-06-25T16:24:32","date_gmt":"2025-06-25T14:24:32","guid":{"rendered":"https:\/\/pasticceriacardena.it\/accueil\/"},"modified":"2026-04-01T18:41:24","modified_gmt":"2026-04-01T16:41:24","slug":"accueil","status":"publish","type":"page","link":"https:\/\/pasticceriacardena.it\/fr\/","title":{"rendered":"Accueil"},"content":{"rendered":"<p>[et_pb_section fb_built=&#8221;1&#8243; disabled_on=&#8221;on|on|on&#8221; _builder_version=&#8221;4.27.4&#8243; _module_preset=&#8221;default&#8221; custom_padding=&#8221;4px||3px|||&#8221; disabled=&#8221;on&#8221; global_colors_info=&#8221;{}&#8221;][et_pb_row _builder_version=&#8221;4.27.4&#8243; _module_preset=&#8221;default&#8221; custom_padding=&#8221;6px||9px|||&#8221; global_colors_info=&#8221;{}&#8221;][et_pb_column type=&#8221;4_4&#8243; _builder_version=&#8221;4.27.4&#8243; _module_preset=&#8221;default&#8221; global_colors_info=&#8221;{}&#8221;][et_pb_text _builder_version=&#8221;4.27.4&#8243; _module_preset=&#8221;default&#8221; text_font=&#8221;|||on|||||&#8221; text_text_color=&#8221;#85774d&#8221; text_font_size=&#8221;21px&#8221; text_orientation=&#8221;center&#8221; global_colors_info=&#8221;{}&#8221;]<\/p>\n<p><strong>Profitez de la livraison gratuite pour toute commande sup\u00e9rieure \u00e0 70 \u20ac !<\/strong><br data-start=\"121\" data-end=\"124\"><strong>Offre valable uniquement en Italie.<\/strong><\/p>\n<p>[\/et_pb_text][\/et_pb_column][\/et_pb_row][\/et_pb_section][et_pb_section fb_built=&#8221;1&#8243; fullwidth=&#8221;on&#8221; module_class=&#8221;home-slider&#8221; _builder_version=&#8221;4.16&#8243; locked=&#8221;off&#8221; global_colors_info=&#8221;{}&#8221;][et_pb_fullwidth_slider arrows_custom_color=&#8221;#E09900&#8243; dot_nav_custom_color=&#8221;#E09900&#8243; _builder_version=&#8221;4.27.4&#8243; header_level=&#8221;h1&#8243; header_font=&#8221;|800||on|||||&#8221; header_font_size=&#8221;70px&#8221; body_font_size=&#8221;17&#8243; header_font_size_tablet=&#8221;50px&#8221; header_font_size_phone=&#8221;35px&#8221; header_font_size_last_edited=&#8221;on|desktop&#8221; body_font_size_tablet=&#8221;16&#8243; body_font_size_phone=&#8221;15&#8243; body_font_size_last_edited=&#8221;on|phone&#8221; custom_css_slide_title=&#8221;font-weight: 800 !important;&#8221; show_inner_shadow=&#8221;off&#8221; global_colors_info=&#8221;{}&#8221; button_text_size__hover_enabled=&#8221;off&#8221; button_one_text_size__hover_enabled=&#8221;off&#8221; button_two_text_size__hover_enabled=&#8221;off&#8221; button_text_color__hover_enabled=&#8221;off&#8221; button_one_text_color__hover_enabled=&#8221;off&#8221; button_two_text_color__hover_enabled=&#8221;off&#8221; button_border_width__hover_enabled=&#8221;off&#8221; button_one_border_width__hover_enabled=&#8221;off&#8221; button_two_border_width__hover_enabled=&#8221;off&#8221; button_border_color__hover_enabled=&#8221;off&#8221; button_one_border_color__hover_enabled=&#8221;off&#8221; button_two_border_color__hover_enabled=&#8221;off&#8221; button_border_radius__hover_enabled=&#8221;off&#8221; button_one_border_radius__hover_enabled=&#8221;off&#8221; button_two_border_radius__hover_enabled=&#8221;off&#8221; button_letter_spacing__hover_enabled=&#8221;off&#8221; button_one_letter_spacing__hover_enabled=&#8221;off&#8221; button_two_letter_spacing__hover_enabled=&#8221;off&#8221; button_bg_color__hover_enabled=&#8221;off&#8221; button_one_bg_color__hover_enabled=&#8221;off&#8221; button_two_bg_color__hover_enabled=&#8221;off&#8221;][et_pb_slide heading=&#8221;Panettons et colombes artisanaux : passion de famille&#8221; button_text=&#8221;D\u00c9COUVREZ NOS DOUCEURS&#8221; button_link=&#8221;@ET-DC@eyJkeW5hbWljIjp0cnVlLCJjb250ZW50IjoicG9zdF9saW5rX3VybF9wYWdlIiwic2V0dGluZ3MiOnsicG9zdF9pZCI6IjExODk2IiwiZW5hYmxlX2h0bWwiOiJvZmYifX0=@&#8221; use_bg_overlay=&#8221;off&#8221; use_text_overlay=&#8221;off&#8221; _builder_version=&#8221;4.27.4&#8243; _dynamic_attributes=&#8221;button_link&#8221; header_level=&#8221;h2&#8243; header_font=&#8221;Georgia|700|||||||&#8221; header_text_color=&#8221;#FFFFFF&#8221; body_font_size=&#8221;20px&#8221; background_color=&#8221;#E8EAEC&#8221; background_image=&#8221;https:\/\/pasticceriacardena.it\/wp-content\/uploads\/2025\/08\/panettone-artigianale.jpg&#8221; background_enable_image=&#8221;on&#8221; background_position=&#8221;top_center&#8221; custom_button=&#8221;on&#8221; button_text_size=&#8221;20px&#8221; button_text_color=&#8221;#8b4513&#8243; button_bg_color=&#8221;#d4af37&#8243; button_border_width=&#8221;2px&#8221; button_border_color=&#8221;#8b4513&#8243; button_border_radius=&#8221;50px&#8221; text_orientation=&#8221;center&#8221; global_colors_info=&#8221;{}&#8221; button_text_size__hover_enabled=&#8221;off&#8221; button_one_text_size__hover_enabled=&#8221;off&#8221; button_two_text_size__hover_enabled=&#8221;off&#8221; button_text_color__hover_enabled=&#8221;off&#8221; button_one_text_color__hover_enabled=&#8221;off&#8221; button_two_text_color__hover_enabled=&#8221;off&#8221; button_border_width__hover_enabled=&#8221;off&#8221; button_one_border_width__hover_enabled=&#8221;off&#8221; button_two_border_width__hover_enabled=&#8221;off&#8221; button_border_color__hover_enabled=&#8221;off&#8221; button_one_border_color__hover_enabled=&#8221;off&#8221; button_two_border_color__hover_enabled=&#8221;off&#8221; button_border_radius__hover_enabled=&#8221;off&#8221; button_one_border_radius__hover_enabled=&#8221;off&#8221; button_two_border_radius__hover_enabled=&#8221;off&#8221; button_letter_spacing__hover_enabled=&#8221;off&#8221; button_one_letter_spacing__hover_enabled=&#8221;off&#8221; button_two_letter_spacing__hover_enabled=&#8221;off&#8221; button_bg_color__hover_enabled=&#8221;off&#8221; button_one_bg_color__hover_enabled=&#8221;off&#8221; button_two_bg_color__hover_enabled=&#8221;off&#8221; sticky_transition=&#8221;on&#8221;]<\/p>\n<p style=\"text-align: center;\">Nos douceurs ne se pr\u00e9parent pas : elles se racontent.<\/p>\n<p style=\"text-align: center;\"><strong>Panettons et colombes lev\u00e9s lentement au levain naturel<\/strong> de 40 ans, <strong>cr\u00e8mes \u00e0 tartiner artisanales, cantucci et douceurs de la tradition<\/strong> italienne : tout na\u00eet dans notre laboratoire dans les <strong>Marches<\/strong>, avec les m\u00eames <strong>ingr\u00e9dients s\u00e9lectionn\u00e9s<\/strong> et le m\u00eame <strong>soin artisanal depuis 1980.<\/strong><\/p>\n<p style=\"text-align: center;\"><strong>Produits travaill\u00e9s \u00e0 la main, inspir\u00e9s de la tradition mais toujours avec un regard vers l&#8217;avenir. <\/strong><\/p>\n<p style=\"text-align: center;\">Parce que chaque bouch\u00e9e m\u00e9rite respect, attention, passion&#8230;<\/p>\n<p style=\"text-align: center;\">&#8230;et la vraie douceur n&#8217;est jamais press\u00e9e d&#8217;arriver !<\/p>\n<p>[\/et_pb_slide][\/et_pb_fullwidth_slider][\/et_pb_section][et_pb_section fb_built=&#8221;1&#8243; _builder_version=&#8221;4.27.4&#8243; _module_preset=&#8221;default&#8221; background_color=&#8221;#2c2924&#8243; global_colors_info=&#8221;{}&#8221;][et_pb_row _builder_version=&#8221;4.27.4&#8243; _module_preset=&#8221;default&#8221; global_colors_info=&#8221;{}&#8221;][et_pb_column type=&#8221;4_4&#8243; _builder_version=&#8221;4.27.4&#8243; _module_preset=&#8221;default&#8221; global_colors_info=&#8221;{}&#8221;][et_pb_text _builder_version=&#8221;4.27.4&#8243; _module_preset=&#8221;default&#8221; text_font=&#8221;|600|||||||&#8221; text_text_color=&#8221;#FFFFFF&#8221; text_font_size=&#8221;20px&#8221; header_text_color=&#8221;#FFFFFF&#8221; header_2_font=&#8221;|700|on||||||&#8221; header_2_text_align=&#8221;center&#8221; header_2_text_color=&#8221;#ffffff&#8221; text_orientation=&#8221;center&#8221; global_colors_info=&#8221;{}&#8221;]<\/p>\n<h2>Le temps qu&#8217;il faut. Le soin que nous y mettons <\/h2>\n<p>Le levain que nous cultivons depuis 40 ans, les ingr\u00e9dients s\u00e9lectionn\u00e9s dans les terroirs les plus authentiques d\u2019Italie et de M\u00e9diterran\u00e9e, la fermentation lente que l\u2019on ne peut acc\u00e9l\u00e9rer sans tout perdre : chaque p\u00e2tisserie artisanale Carden\u00e0 na\u00eet du respect du temps et de la mati\u00e8re premi\u00e8re.<\/p>\n<p>Parce que nous croyons que la qualit\u00e9 n\u2019est pas un aboutissement, mais un choix quotidien.<\/p>\n<p>[\/et_pb_text][et_pb_button button_url=&#8221;@ET-DC@eyJkeW5hbWljIjp0cnVlLCJjb250ZW50IjoicG9zdF9saW5rX3VybF9wYWdlIiwic2V0dGluZ3MiOnsicG9zdF9pZCI6IjExMzUzIiwiZW5hYmxlX2h0bWwiOiJvZmYifX0=@&#8221; button_text=&#8221;SOUHAITEZ-VOUS CONNA\u00ceTRE NOTRE PHILOSOPHIE ?&#8221; button_alignment=&#8221;center&#8221; _builder_version=&#8221;4.27.4&#8243; _dynamic_attributes=&#8221;button_url&#8221; custom_button=&#8221;on&#8221; button_text_color=&#8221;#8B4513&#8243; button_bg_color=&#8221;#D4AF37&#8243; button_border_width=&#8221;0px&#8221; button_border_radius=&#8221;30px&#8221; button_font=&#8221;||||||||&#8221; button_use_icon=&#8221;off&#8221; custom_margin=&#8221;30px||||false|false&#8221; custom_padding=&#8221;15px|40px|15px|40px|true|true&#8221; button_bg_color_hover=&#8221;#B8860B&#8221; global_colors_info=&#8221;{}&#8221;][\/et_pb_button][\/et_pb_column][\/et_pb_row][\/et_pb_section][et_pb_section fb_built=&#8221;1&#8243; _builder_version=&#8221;4.27.4&#8243; background_color=&#8221;#8b4513&#8243; custom_padding=&#8221;0px||0px||true|false&#8221; global_colors_info=&#8221;{}&#8221;][et_pb_row column_structure=&#8221;1_2,1_2&#8243; use_custom_gutter=&#8221;on&#8221; gutter_width=&#8221;1&#8243; make_equal=&#8221;on&#8221; _builder_version=&#8221;4.27.4&#8243; width=&#8221;100%&#8221; max_width=&#8221;2560px&#8221; custom_padding=&#8221;0px||0px||false|false&#8221; global_colors_info=&#8221;{}&#8221;][et_pb_column type=&#8221;1_2&#8243; _builder_version=&#8221;4.16&#8243; global_colors_info=&#8221;{}&#8221;][et_pb_text _builder_version=&#8221;4.27.4&#8243; text_font=&#8221;Georgia||||||||&#8221; text_text_color=&#8221;#D4AF37&#8243; text_font_size=&#8221;36px&#8221; header_font=&#8221;||||||||&#8221; header_text_color=&#8221;#D4AF37&#8243; header_font_size=&#8221;36px&#8221; header_3_font=&#8221;|600|on||||||&#8221; header_3_text_color=&#8221;#E09900&#8243; width=&#8221;60%&#8221; width_tablet=&#8221;60%&#8221; width_phone=&#8221;60%&#8221; width_last_edited=&#8221;on|tablet&#8221; max_width=&#8221;80%&#8221; module_alignment=&#8221;center&#8221; custom_margin=&#8221;20%||||false|false&#8221; hover_enabled=&#8221;0&#8243; global_colors_info=&#8221;{}&#8221; sticky_enabled=&#8221;0&#8243;]<\/p>\n<h3 data-spm-anchor-id=\"a2ty_o01.29997173.0.i7.c307c921K7kMSK\">Le choix des ingr\u00e9dients : la base de l\u2019excellence<\/h3>\n<p>[\/et_pb_text][et_pb_text _builder_version=&#8221;4.27.4&#8243; text_font=&#8221;||||||||&#8221; text_text_color=&#8221;#ffffff&#8221; text_font_size=&#8221;18px&#8221; text_line_height=&#8221;1.6em&#8221; width=&#8221;60%&#8221; width_tablet=&#8221;80%&#8221; width_phone=&#8221;80%&#8221; width_last_edited=&#8221;on|tablet&#8221; max_width=&#8221;60%&#8221; max_width_tablet=&#8221;80%&#8221; max_width_phone=&#8221;80%&#8221; max_width_last_edited=&#8221;on|tablet&#8221; module_alignment=&#8221;center&#8221; hover_enabled=&#8221;0&#8243; global_colors_info=&#8221;{}&#8221; sticky_enabled=&#8221;0&#8243;]<\/p>\n<p style=\"text-align: justify;\"><span>De la farine aux jaunes d\u2019\u0153ufs frais de cat\u00e9gorie 1A, <\/span><span>du beurre s\u00e9lectionn\u00e9 aux \u00e9corces d\u2019agrumes confites, <\/span><span>du Pistache de Bronte au Marsala : chaque ingr\u00e9dient <\/span><span>qui entre dans le laboratoire Carden\u00e0 a une provenance <\/span><span>pr\u00e9cise et une histoire \u00e0 raconter. <\/span><span> <\/span><span>Parce que nous sommes convaincus que la perfection d\u2019une p\u00e2tisserie <\/span><span>commence bien avant le p\u00e9trissage : elle na\u00eet dans son origine.<\/span><\/p>\n<p>[\/et_pb_text][et_pb_button button_url=&#8221;@ET-DC@eyJkeW5hbWljIjp0cnVlLCJjb250ZW50IjoicG9zdF9saW5rX3VybF9wYWdlIiwic2V0dGluZ3MiOnsicG9zdF9pZCI6IjE3ODkiLCJlbmFibGVfaHRtbCI6Im9mZiJ9fQ==@&#8221; button_text=&#8221;D\u00c9COUVREZ QUI NOUS SOMMES&#8221; button_alignment=&#8221;center&#8221; _builder_version=&#8221;4.27.4&#8243; _dynamic_attributes=&#8221;button_url&#8221; custom_button=&#8221;on&#8221; button_text_color=&#8221;#8B4513&#8243; button_bg_color=&#8221;#D4AF37&#8243; button_border_width=&#8221;0px&#8221; button_border_radius=&#8221;30px&#8221; button_font=&#8221;||||||||&#8221; button_use_icon=&#8221;off&#8221; custom_margin=&#8221;30px||||false|false&#8221; custom_padding=&#8221;15px|40px|15px|40px|true|true&#8221; hover_enabled=&#8221;0&#8243; button_bg_color_hover=&#8221;#B8860B&#8221; global_colors_info=&#8221;{}&#8221; sticky_enabled=&#8221;0&#8243;][\/et_pb_button][\/et_pb_column][et_pb_column type=&#8221;1_2&#8243; _builder_version=&#8221;4.16&#8243; global_colors_info=&#8221;{}&#8221;][et_pb_image src=&#8221;https:\/\/pasticceriacardena.it\/wp-content\/uploads\/2025\/07\/ingredienti-panettone.jpg&#8221; title_text=&#8221;ingr\u00e9dients-panettone&#8221; align=&#8221;center&#8221; force_fullwidth=&#8221;on&#8221; _builder_version=&#8221;4.27.4&#8243; border_radii=&#8221;on|15px|15px|15px|15px&#8221; box_shadow_style=&#8221;preset1&#8243; global_colors_info=&#8221;{}&#8221;][\/et_pb_image][\/et_pb_column][\/et_pb_row][et_pb_row column_structure=&#8221;1_2,1_2&#8243; use_custom_gutter=&#8221;on&#8221; gutter_width=&#8221;1&#8243; make_equal=&#8221;on&#8221; _builder_version=&#8221;4.27.4&#8243; width=&#8221;100%&#8221; max_width=&#8221;2560px&#8221; custom_padding=&#8221;0px||0px||false|false&#8221; global_colors_info=&#8221;{}&#8221;][et_pb_column type=&#8221;1_2&#8243; _builder_version=&#8221;4.16&#8243; global_colors_info=&#8221;{}&#8221;][et_pb_image src=&#8221;https:\/\/pasticceriacardena.it\/wp-content\/uploads\/2025\/07\/panettoni-artigianali.jpg&#8221; title_text=&#8221;panettoni-artisanaux&#8221; align=&#8221;center&#8221; force_fullwidth=&#8221;on&#8221; _builder_version=&#8221;4.27.4&#8243; border_radii=&#8221;on|15px|15px|15px|15px&#8221; box_shadow_style=&#8221;preset1&#8243; global_colors_info=&#8221;{}&#8221;][\/et_pb_image][\/et_pb_column][et_pb_column type=&#8221;1_2&#8243; _builder_version=&#8221;4.16&#8243; global_colors_info=&#8221;{}&#8221;][et_pb_text _builder_version=&#8221;4.27.4&#8243; text_font=&#8221;Georgia||||||||&#8221; text_text_color=&#8221;#D4AF37&#8243; text_font_size=&#8221;36px&#8221; header_font=&#8221;||||||||&#8221; header_text_color=&#8221;#D4AF37&#8243; header_font_size=&#8221;36px&#8221; header_3_font=&#8221;|600|on||||||&#8221; header_3_text_color=&#8221;#E09900&#8243; width=&#8221;60%&#8221; width_tablet=&#8221;80%&#8221; width_phone=&#8221;80%&#8221; width_last_edited=&#8221;on|tablet&#8221; max_width=&#8221;60%&#8221; max_width_tablet=&#8221;80%&#8221; max_width_phone=&#8221;80%&#8221; max_width_last_edited=&#8221;on|tablet&#8221; module_alignment=&#8221;center&#8221; custom_margin=&#8221;20%||||false|false&#8221; hover_enabled=&#8221;0&#8243; global_colors_info=&#8221;{}&#8221; sticky_enabled=&#8221;0&#8243;]<\/p>\n<h3 data-spm-anchor-id=\"a2ty_o01.29997173.0.i9.c307c921K7kMSK\">Tradition et cr\u00e9ativit\u00e9 : chaque collection raconte une histoire<\/h3>\n<p>[\/et_pb_text][et_pb_text _builder_version=&#8221;4.27.4&#8243; text_font=&#8221;||||||||&#8221; text_text_color=&#8221;#ffffff&#8221; text_font_size=&#8221;18px&#8221; text_line_height=&#8221;1.6em&#8221; width=&#8221;60%&#8221; width_tablet=&#8221;80%&#8221; width_phone=&#8221;80%&#8221; width_last_edited=&#8221;on|tablet&#8221; max_width=&#8221;60%&#8221; max_width_tablet=&#8221;80%&#8221; max_width_phone=&#8221;80%&#8221; max_width_last_edited=&#8221;on|tablet&#8221; module_alignment=&#8221;center&#8221; hover_enabled=&#8221;0&#8243; global_colors_info=&#8221;{}&#8221; sticky_enabled=&#8221;0&#8243;]<\/p>\n<p style=\"text-align: justify;\">Chaque saison apporte avec elle une nouvelle collection : panettones et colombes pendant les p\u00e9riodes de f\u00eates, sp\u00e9cialit\u00e9s artisanales tout au long de l\u2019ann\u00e9e. Des produits qui naissent du respect de la tradition p\u00e2tissi\u00e8re italienne et de l\u2019envie de la r\u00e9interpr\u00e9ter avec des ingr\u00e9dients s\u00e9lectionn\u00e9s et des associations originales. <\/p>\n<p style=\"text-align: justify;\"><span>Chaque lev\u00e9e, chaque gla\u00e7age, chaque d\u00e9tail est le fruit de recherches, de passion et de d\u00e9vouement. Cette attention se traduit par une exp\u00e9rience unique : chaque bouch\u00e9e est un souvenir, un voyage, un moment \u00e0 savourer. <\/span><\/p>\n<p>[\/et_pb_text][et_pb_button button_url=&#8221;@ET-DC@eyJkeW5hbWljIjp0cnVlLCJjb250ZW50IjoicG9zdF9saW5rX3VybF9wYWdlIiwic2V0dGluZ3MiOnsicG9zdF9pZCI6IjExODk2IiwiZW5hYmxlX2h0bWwiOiJvZmYifX0=@&#8221; button_text=&#8221;VISITEZ LA BOUTIQUE&#8221; button_alignment=&#8221;center&#8221; _builder_version=&#8221;4.27.4&#8243; _dynamic_attributes=&#8221;button_url&#8221; custom_button=&#8221;on&#8221; button_text_color=&#8221;#8B4513&#8243; button_bg_color=&#8221;#D4AF37&#8243; button_border_width=&#8221;0px&#8221; button_border_radius=&#8221;30px&#8221; button_font=&#8221;||||||||&#8221; button_use_icon=&#8221;off&#8221; custom_margin=&#8221;30px||||false|false&#8221; custom_padding=&#8221;15px|40px|15px|40px|true|true&#8221; hover_enabled=&#8221;0&#8243; button_bg_color_hover=&#8221;#B8860B&#8221; global_colors_info=&#8221;{}&#8221; sticky_enabled=&#8221;0&#8243;][\/et_pb_button][\/et_pb_column][\/et_pb_row][\/et_pb_section][et_pb_section fb_built=&#8221;1&#8243; _builder_version=&#8221;4.27.4&#8243; background_color=&#8221;#F5F5DC&#8221; custom_padding=&#8221;0px||0px||true|false&#8221; global_colors_info=&#8221;{}&#8221;][et_pb_row column_structure=&#8221;1_2,1_2&#8243; use_custom_gutter=&#8221;on&#8221; gutter_width=&#8221;1&#8243; make_equal=&#8221;on&#8221; _builder_version=&#8221;4.27.4&#8243; width=&#8221;100%&#8221; max_width=&#8221;2560px&#8221; custom_padding=&#8221;0px||0px||false|false&#8221; global_colors_info=&#8221;{}&#8221;][et_pb_column type=&#8221;1_2&#8243; _builder_version=&#8221;4.16&#8243; global_colors_info=&#8221;{}&#8221;][et_pb_text _builder_version=&#8221;4.27.4&#8243; text_font=&#8221;Georgia||||||||&#8221; text_text_color=&#8221;#D4AF37&#8243; text_font_size=&#8221;36px&#8221; header_font=&#8221;||||||||&#8221; header_text_color=&#8221;#D4AF37&#8243; header_font_size=&#8221;36px&#8221; header_3_font=&#8221;|600|on||||||&#8221; header_3_text_color=&#8221;#E09900&#8243; width=&#8221;60%&#8221; width_tablet=&#8221;80%&#8221; width_phone=&#8221;80%&#8221; width_last_edited=&#8221;on|tablet&#8221; max_width=&#8221;60%&#8221; max_width_tablet=&#8221;80%&#8221; max_width_phone=&#8221;80%&#8221; max_width_last_edited=&#8221;on|tablet&#8221; module_alignment=&#8221;center&#8221; custom_margin=&#8221;20%||||false|false&#8221; global_colors_info=&#8221;{}&#8221;]<\/p>\n<h3 data-spm-anchor-id=\"a2ty_o01.29997173.0.i9.c307c921K7kMSK\">Le levain : le c\u0153ur de notre histoire<\/h3>\n<p>[\/et_pb_text][et_pb_text _builder_version=&#8221;4.27.4&#8243; text_font=&#8221;||||||||&#8221; text_text_color=&#8221;#000000&#8243; text_font_size=&#8221;18px&#8221; text_line_height=&#8221;1.6em&#8221; header_text_color=&#8221;#000000&#8243; width=&#8221;60%&#8221; width_tablet=&#8221;80%&#8221; width_phone=&#8221;80%&#8221; width_last_edited=&#8221;on|tablet&#8221; max_width=&#8221;60%&#8221; max_width_tablet=&#8221;80%&#8221; max_width_phone=&#8221;80%&#8221; max_width_last_edited=&#8221;on|tablet&#8221; module_alignment=&#8221;center&#8221; hover_enabled=&#8221;0&#8243; global_colors_info=&#8221;{}&#8221; sticky_enabled=&#8221;0&#8243;]<\/p>\n<p style=\"text-align: justify;\">De l\u2019eau et de la farine. Deux \u00e9l\u00e9ments simples qui, ensemble, donnent vie \u00e0 quelque chose d\u2019extraordinaire.<br \/>Notre <strong>levain<\/strong> a 40 ans : ce n\u2019est pas seulement un ingr\u00e9dient, c\u2019est un <strong>t\u00e9moin vivant de l\u2019histoire de la famille Carden\u00e0.<\/strong> <\/p>\n<p style=\"text-align: justify;\">Nourri chaque jour avec le m\u00eame soin, il porte en lui la continuit\u00e9 d\u2019une tradition artisanale qui ne cesse jamais de se raconter. Chaque fois que nous l\u2019utilisons, nous ne pr\u00e9parons pas seulement un g\u00e2teau : nous livrons une part de notre identit\u00e9. <\/p>\n<p data-spm-anchor-id=\"a2ty_o01.29997173.0.i11.c307c921K7kMSK\">Bienvenue dans la <strong>P\u00e2tisserie Artisanale Carden\u00e0,<\/strong> o\u00f9 chaque lev\u00e9e est un acte d\u2019amour.<\/p>\n<p>[\/et_pb_text][et_pb_button button_url=&#8221;@ET-DC@eyJkeW5hbWljIjp0cnVlLCJjb250ZW50IjoicG9zdF9saW5rX3VybF9wYWdlIiwic2V0dGluZ3MiOnsicG9zdF9pZCI6IjE3ODkiLCJlbmFibGVfaHRtbCI6Im9mZiJ9fQ==@&#8221; button_text=&#8221;D\u00c9COUVREZ NOTRE HISTOIRE&#8221; button_alignment=&#8221;center&#8221; _builder_version=&#8221;4.27.4&#8243; _dynamic_attributes=&#8221;button_url&#8221; custom_button=&#8221;on&#8221; button_text_color=&#8221;#8B4513&#8243; button_bg_color=&#8221;#D4AF37&#8243; button_border_width=&#8221;0px&#8221; button_border_radius=&#8221;30px&#8221; button_font=&#8221;||||||||&#8221; button_use_icon=&#8221;off&#8221; custom_margin=&#8221;52px||52px||true|false&#8221; custom_padding=&#8221;15px|40px|15px|40px|true|true&#8221; hover_enabled=&#8221;0&#8243; button_bg_color_hover=&#8221;#B8860B&#8221; global_colors_info=&#8221;{}&#8221; sticky_enabled=&#8221;0&#8243;][\/et_pb_button][\/et_pb_column][et_pb_column type=&#8221;1_2&#8243; _builder_version=&#8221;4.16&#8243; global_colors_info=&#8221;{}&#8221;][et_pb_image src=&#8221;https:\/\/pasticceriacardena.it\/wp-content\/uploads\/2025\/07\/lievito-madre.jpg&#8221; alt=&#8221;levain pour p\u00e2tisseries&#8221; title_text=&#8221;levain&#8221; align=&#8221;center&#8221; force_fullwidth=&#8221;on&#8221; _builder_version=&#8221;4.27.4&#8243; border_radii=&#8221;on|15px|15px|15px|15px&#8221; box_shadow_style=&#8221;preset1&#8243; global_colors_info=&#8221;{}&#8221;][\/et_pb_image][\/et_pb_column][\/et_pb_row][\/et_pb_section]<\/p>\n","protected":false},"excerpt":{"rendered":"<p>Profitez de la livraison gratuite pour toute commande sup\u00e9rieure \u00e0 70 \u20ac !Offre valable uniquement en Italie.Nos douceurs ne se pr\u00e9parent pas : elles se racontent. Panettons et colombes lev\u00e9s lentement au levain naturel de 40 ans, cr\u00e8mes \u00e0 tartiner artisanales, cantucci et douceurs de la tradition italienne : tout na\u00eet dans notre laboratoire dans [&hellip;]<\/p>\n","protected":false},"author":1,"featured_media":12156,"parent":0,"menu_order":0,"comment_status":"closed","ping_status":"closed","template":"","meta":{"_acf_changed":false,"_et_pb_use_builder":"on","_et_pb_old_content":"","_et_gb_content_width":"","_joinchat":[],"footnotes":""},"class_list":["post-12155","page","type-page","status-publish","has-post-thumbnail","hentry"],"acf":[],"_links":{"self":[{"href":"https:\/\/pasticceriacardena.it\/fr\/wp-json\/wp\/v2\/pages\/12155","targetHints":{"allow":["GET"]}}],"collection":[{"href":"https:\/\/pasticceriacardena.it\/fr\/wp-json\/wp\/v2\/pages"}],"about":[{"href":"https:\/\/pasticceriacardena.it\/fr\/wp-json\/wp\/v2\/types\/page"}],"author":[{"embeddable":true,"href":"https:\/\/pasticceriacardena.it\/fr\/wp-json\/wp\/v2\/users\/1"}],"replies":[{"embeddable":true,"href":"https:\/\/pasticceriacardena.it\/fr\/wp-json\/wp\/v2\/comments?post=12155"}],"version-history":[{"count":22,"href":"https:\/\/pasticceriacardena.it\/fr\/wp-json\/wp\/v2\/pages\/12155\/revisions"}],"predecessor-version":[{"id":13839,"href":"https:\/\/pasticceriacardena.it\/fr\/wp-json\/wp\/v2\/pages\/12155\/revisions\/13839"}],"wp:featuredmedia":[{"embeddable":true,"href":"https:\/\/pasticceriacardena.it\/fr\/wp-json\/wp\/v2\/media\/12156"}],"wp:attachment":[{"href":"https:\/\/pasticceriacardena.it\/fr\/wp-json\/wp\/v2\/media?parent=12155"}],"curies":[{"name":"wp","href":"https:\/\/api.w.org\/{rel}","templated":true}]}}