{"id":12178,"date":"2025-06-26T00:29:47","date_gmt":"2025-06-25T22:29:47","guid":{"rendered":"https:\/\/pasticceriacardena.it\/philosophie-et-valeurs\/"},"modified":"2026-03-31T19:28:36","modified_gmt":"2026-03-31T17:28:36","slug":"philosophie-et-valeurs","status":"publish","type":"page","link":"https:\/\/pasticceriacardena.it\/fr\/philosophie-et-valeurs\/","title":{"rendered":"Philosophie et Valeurs"},"content":{"rendered":"<p>[et_pb_section fb_built=&#8221;1&#8243; _builder_version=&#8221;4.27.4&#8243; _module_preset=&#8221;default&#8221; background_color=&#8221;#ffffff&#8221; custom_padding=&#8221;0px||0px||false|false&#8221; global_colors_info=&#8221;{}&#8221;][et_pb_row column_structure=&#8221;1_2,1_2&#8243; use_custom_gutter=&#8221;on&#8221; gutter_width=&#8221;1&#8243; make_equal=&#8221;on&#8221; _builder_version=&#8221;4.27.4&#8243; _module_preset=&#8221;default&#8221; width=&#8221;100%&#8221; max_width=&#8221;2560px&#8221; custom_padding=&#8221;0px||0px||false|false&#8221; global_colors_info=&#8221;{}&#8221;][et_pb_column type=&#8221;1_2&#8243; _builder_version=&#8221;4.27.4&#8243; _module_preset=&#8221;default&#8221; global_colors_info=&#8221;{}&#8221;][et_pb_text _builder_version=&#8221;4.27.4&#8243; _module_preset=&#8221;default&#8221; text_text_color=&#8221;#000000&#8243; header_font=&#8221;|||on|||||&#8221; header_font_size=&#8221;39px&#8221; header_2_font=&#8221;Georgia|600|on||||||&#8221; header_2_text_align=&#8221;left&#8221; header_2_text_color=&#8221;#E09900&#8243; header_2_font_size=&#8221;30px&#8221; width=&#8221;60%&#8221; width_tablet=&#8221;80%&#8221; width_phone=&#8221;80%&#8221; width_last_edited=&#8221;on|phone&#8221; max_width=&#8221;60%&#8221; max_width_tablet=&#8221;80%&#8221; max_width_phone=&#8221;80%&#8221; max_width_last_edited=&#8221;on|phone&#8221; module_alignment=&#8221;center&#8221; custom_margin=&#8221;20%||||false|false&#8221; custom_margin_tablet=&#8221;10%||||false|false&#8221; custom_margin_phone=&#8221;10%||||false|false&#8221; custom_margin_last_edited=&#8221;on|tablet&#8221; hover_enabled=&#8221;0&#8243; global_colors_info=&#8221;{}&#8221; sticky_enabled=&#8221;0&#8243;]<\/p>\n<h1><strong>Notre philosophie : artisanat, tradition et qualit\u00e9<\/strong><\/h1>\n<h2><\/h2>\n<h2><\/h2>\n<h2>L&#8217;Essence de nos Douceurs<\/h2>\n<p style=\"text-align: justify;\">De l\u2019eau, de la farine et du levain naturel : des ingr\u00e9dients simples, des r\u00e9sultats extraordinaires. Nos p\u00e2tisseries naissent d\u2019\u00e9l\u00e9ments essentiels transform\u00e9s par un processus naturel qui n\u2019admet aucun raccourci \u2014 la lente lev\u00e9e avec le levain que nous cultivons et nourrissons depuis 40 ans dans notre laboratoire artisanal. <\/p>\n<p style=\"text-align: justify;\">Ce n\u2019est pas seulement un ingr\u00e9dient : c\u2019est le c\u0153ur vivant de notre identit\u00e9 artisanale, un t\u00e9moin de l\u2019<a href=\"https:\/\/pasticceriacardena.it\/fr\/maria-et-matteo\/\">histoire de la famille Carden\u00e0<\/a> qui se renouvelle chaque jour.<\/p>\n<h2>Tradition et Innovation<\/h2>\n<p style=\"text-align: justify;\">Nous avons h\u00e9rit\u00e9 de quelque chose de pr\u00e9cieux : le respect de la tradition p\u00e2tissi\u00e8re italienne et le courage de la r\u00e9interpr\u00e9ter. Nos recettes puisent leurs racines dans des g\u00e9n\u00e9rations d\u2019exp\u00e9rience, mais naissent aussi de la curiosit\u00e9 d\u2019explorer de nouveaux mariages, de nouvelles saveurs, de nouveaux gla\u00e7ages. <\/p>\n<p style=\"text-align: justify;\">Panettones \u00e0 la pistache de Bronte, colombes aux trois chocolats, viennoiseries au caramel au beurre sal\u00e9 : c\u2019est cet \u00e9quilibre que nous recherchons chaque jour entre pass\u00e9 et pr\u00e9sent.<\/p>\n<p style=\"text-align: justify;\">\n<p>&nbsp;<\/p>\n<p>[\/et_pb_text][\/et_pb_column][et_pb_column type=&#8221;1_2&#8243; _builder_version=&#8221;4.27.4&#8243; _module_preset=&#8221;default&#8221; global_colors_info=&#8221;{}&#8221;][et_pb_image src=&#8221;https:\/\/pasticceriacardena.it\/wp-content\/uploads\/2025\/07\/tradizione-panettoni.jpg&#8221; title_text=&#8221;tradition-panettoni&#8221; align=&#8221;center&#8221; force_fullwidth=&#8221;on&#8221; _builder_version=&#8221;4.27.4&#8243; _module_preset=&#8221;default&#8221; global_colors_info=&#8221;{}&#8221;][\/et_pb_image][\/et_pb_column][\/et_pb_row][et_pb_row column_structure=&#8221;1_2,1_2&#8243; use_custom_gutter=&#8221;on&#8221; gutter_width=&#8221;1&#8243; make_equal=&#8221;on&#8221; _builder_version=&#8221;4.27.4&#8243; _module_preset=&#8221;default&#8221; width=&#8221;100%&#8221; max_width=&#8221;2560px&#8221; custom_padding=&#8221;0px||0px||false|false&#8221; global_colors_info=&#8221;{}&#8221;][et_pb_column type=&#8221;1_2&#8243; _builder_version=&#8221;4.27.4&#8243; _module_preset=&#8221;default&#8221; global_colors_info=&#8221;{}&#8221;][et_pb_image src=&#8221;https:\/\/pasticceriacardena.it\/wp-content\/uploads\/2025\/07\/lievito-madre-tradizione.jpg&#8221; title_text=&#8221;levain-naturel-tradition&#8221; align=&#8221;center&#8221; force_fullwidth=&#8221;on&#8221; _builder_version=&#8221;4.27.4&#8243; _module_preset=&#8221;default&#8221; global_colors_info=&#8221;{}&#8221;][\/et_pb_image][\/et_pb_column][et_pb_column type=&#8221;1_2&#8243; _builder_version=&#8221;4.27.4&#8243; _module_preset=&#8221;default&#8221; global_colors_info=&#8221;{}&#8221;][et_pb_text _builder_version=&#8221;4.27.4&#8243; _module_preset=&#8221;default&#8221; text_text_color=&#8221;#000000&#8243; header_2_font=&#8221;Georgia|600|on||||||&#8221; header_2_text_align=&#8221;left&#8221; header_2_text_color=&#8221;#E09900&#8243; header_2_font_size=&#8221;30px&#8221; width=&#8221;60%&#8221; width_tablet=&#8221;80%&#8221; width_phone=&#8221;80%&#8221; width_last_edited=&#8221;on|phone&#8221; max_width=&#8221;60%&#8221; max_width_tablet=&#8221;80%&#8221; max_width_phone=&#8221;80%&#8221; max_width_last_edited=&#8221;on|phone&#8221; module_alignment=&#8221;center&#8221; custom_margin=&#8221;12.4%||||false|false&#8221; hover_enabled=&#8221;0&#8243; global_colors_info=&#8221;{}&#8221; sticky_enabled=&#8221;0&#8243;]<\/p>\n<h2>Qualit\u00e9 et Authenticit\u00e9<\/h2>\n<p style=\"text-align: justify;\">Pour nous, la qualit\u00e9 est la seule option possible : c\u2019est un choix quotidien qui commence par la s\u00e9lection des mati\u00e8res premi\u00e8res.<br \/>Aucun additif, aucun conservateur, aucun raccourci.<\/p>\n<p style=\"text-align: justify;\">Chaque ingr\u00e9dient qui entre dans le laboratoire Carden\u00e0 est choisi avec soin : de la farine aux jaunes d\u2019\u0153ufs frais de cat\u00e9gorie 1A, du beurre aux \u00e9corces d\u2019agrumes confites, du chocolat de qualit\u00e9 aux amandes s\u00e9lectionn\u00e9es.<br \/>Parce que nous savons qu\u2019une p\u00e2tisserie n\u2019est bonne qu\u2019\u00e0 la mesure des ingr\u00e9dients qui la composent.<\/p>\n<h2 style=\"text-align: justify;\">Un lien avec le territoire<\/h2>\n<p style=\"text-align: justify;\">La Pasticceria Carden\u00e0 est n\u00e9e dans les Marches et c\u2019est dans le territoire des Marches qu\u2019elle puise ses racines les plus profondes.<\/p>\n<p style=\"text-align: justify;\">C\u2019est un lieu de rencontre avant m\u00eame d\u2019\u00eatre un laboratoire : un espace o\u00f9 les douceurs deviennent le pr\u00e9texte pour c\u00e9l\u00e9brer des moments importants, partager des repas, cr\u00e9er des souvenirs.<\/p>\n<p style=\"text-align: justify;\">Chaque p\u00e2tisserie que nous pr\u00e9parons est pens\u00e9e pour \u00eatre partag\u00e9e. Car la vraie douceur ne se d\u00e9guste pas seul. <\/p>\n<h2>Le c\u0153ur de notre histoire : le levain naturel<\/h2>\n<p style=\"text-align: justify;\">Il a 40 ans. Il doit \u00eatre nourri chaque jour. Il ne peut \u00eatre ni achet\u00e9 ni remplac\u00e9.  <\/p>\n<p style=\"text-align: justify;\">Notre levain est le fil qui nous lie \u00e0 Carlo Felice \u2014 qui a fond\u00e9 la p\u00e2tisserie en 1980 \u2014 et aujourd\u2019hui, nous continuons \u00e0 en prendre soin avec la m\u00eame attention. C\u2019est la continuit\u00e9 faite mati\u00e8re : chaque panettone, chaque colombe, chaque cr\u00e9ation artisanale qui sort de notre laboratoire porte en elle cette histoire. <\/p>\n<p style=\"text-align: justify;\">Lorsque nous l\u2019utilisons, nous ne confectionnons pas seulement un g\u00e2teau : nous livrons un morceau de notre identit\u00e9.<\/p>\n<p style=\"text-align: justify;\"><strong> <\/strong><\/p>\n<p style=\"text-align: justify;\"><strong>Venez d\u00e9couvrir <a href=\"https:\/\/pasticceriacardena.it\/fr\/boutique\/\">nos p\u00e2tisseries artisanales<\/a> : laissez-vous s\u00e9duire par des saveurs authentiques, des ingr\u00e9dients s\u00e9lectionn\u00e9s et une histoire qui dure depuis plus de 40 ans.<\/strong><\/p>\n<p><strong><\/strong><\/p>\n<p><strong><\/strong><\/p>\n<p>&nbsp;<\/p>\n<p>[\/et_pb_text][\/et_pb_column][\/et_pb_row][\/et_pb_section]<\/p>\n","protected":false},"excerpt":{"rendered":"<p>Notre philosophie : artisanat, tradition et qualit\u00e9 L&#8217;Essence de nos Douceurs De l\u2019eau, de la farine et du levain naturel : des ingr\u00e9dients simples, des r\u00e9sultats extraordinaires. Nos p\u00e2tisseries naissent d\u2019\u00e9l\u00e9ments essentiels transform\u00e9s par un processus naturel qui n\u2019admet aucun raccourci \u2014 la lente lev\u00e9e avec le levain que nous cultivons et nourrissons depuis 40 [&hellip;]<\/p>\n","protected":false},"author":1,"featured_media":0,"parent":0,"menu_order":0,"comment_status":"closed","ping_status":"closed","template":"","meta":{"_acf_changed":false,"_et_pb_use_builder":"on","_et_pb_old_content":"","_et_gb_content_width":"","_joinchat":[],"footnotes":""},"class_list":["post-12178","page","type-page","status-publish","hentry"],"acf":[],"_links":{"self":[{"href":"https:\/\/pasticceriacardena.it\/fr\/wp-json\/wp\/v2\/pages\/12178","targetHints":{"allow":["GET"]}}],"collection":[{"href":"https:\/\/pasticceriacardena.it\/fr\/wp-json\/wp\/v2\/pages"}],"about":[{"href":"https:\/\/pasticceriacardena.it\/fr\/wp-json\/wp\/v2\/types\/page"}],"author":[{"embeddable":true,"href":"https:\/\/pasticceriacardena.it\/fr\/wp-json\/wp\/v2\/users\/1"}],"replies":[{"embeddable":true,"href":"https:\/\/pasticceriacardena.it\/fr\/wp-json\/wp\/v2\/comments?post=12178"}],"version-history":[{"count":11,"href":"https:\/\/pasticceriacardena.it\/fr\/wp-json\/wp\/v2\/pages\/12178\/revisions"}],"predecessor-version":[{"id":13645,"href":"https:\/\/pasticceriacardena.it\/fr\/wp-json\/wp\/v2\/pages\/12178\/revisions\/13645"}],"wp:attachment":[{"href":"https:\/\/pasticceriacardena.it\/fr\/wp-json\/wp\/v2\/media?parent=12178"}],"curies":[{"name":"wp","href":"https:\/\/api.w.org\/{rel}","templated":true}]}}