{"id":12784,"date":"2025-08-06T09:45:47","date_gmt":"2025-08-06T07:45:47","guid":{"rendered":"https:\/\/pasticceriacardena.it\/prix\/"},"modified":"2026-04-01T13:30:31","modified_gmt":"2026-04-01T11:30:31","slug":"prix","status":"publish","type":"page","link":"https:\/\/pasticceriacardena.it\/fr\/prix\/","title":{"rendered":"Prix"},"content":{"rendered":"<p>[et_pb_section fb_built=&#8221;1&#8243; custom_padding_last_edited=&#8221;on|phone&#8221; admin_label=&#8221;Section &#8211; About header&#8221; _builder_version=&#8221;4.27.4&#8243; background_color=&#8221;#dedede&#8221; background_image=&#8221;https:\/\/pasticceriacardena.it\/wp-content\/uploads\/2026\/03\/miglior-panettone-artigianale.jpg&#8221; custom_padding=&#8221;150px||250px|&#8221; custom_padding_tablet=&#8221;100px||100px|&#8221; custom_padding_phone=&#8221;75px||75px|&#8221; global_colors_info=&#8221;{}&#8221;][et_pb_row _builder_version=&#8221;4.16&#8243; background_size=&#8221;initial&#8221; background_position=&#8221;top_left&#8221; background_repeat=&#8221;repeat&#8221; global_colors_info=&#8221;{}&#8221;][et_pb_column type=&#8221;4_4&#8243; _builder_version=&#8221;4.16&#8243; custom_padding=&#8221;|||&#8221; global_colors_info=&#8221;{}&#8221; custom_padding__hover=&#8221;|||&#8221;][et_pb_text admin_label=&#8221;About Page Top Header &#8211; Text&#8221; _builder_version=&#8221;4.27.4&#8243; text_font=&#8221;|300|||||||&#8221; text_text_color=&#8221;#FFFFFF&#8221; text_font_size=&#8221;20px&#8221; header_font=&#8221;|700||on|||||&#8221; header_text_color=&#8221;#FFFFFF&#8221; header_font_size=&#8221;60px&#8221; text_orientation=&#8221;center&#8221; module_alignment=&#8221;center&#8221; text_font_size_tablet=&#8221;19px&#8221; text_font_size_phone=&#8221;17px&#8221; text_font_size_last_edited=&#8221;on|phone&#8221; header_font_size_tablet=&#8221;50px&#8221; header_font_size_phone=&#8221;35px&#8221; header_font_size_last_edited=&#8221;on|tablet&#8221; global_colors_info=&#8221;{}&#8221;]<\/p>\n<h1>Prix et distinctions : l&#8217;excellence artisanale Carden\u00e0<\/h1>\n<p>[\/et_pb_text][\/et_pb_column][\/et_pb_row][\/et_pb_section][et_pb_section fb_built=&#8221;1&#8243; custom_padding_last_edited=&#8221;on|desktop&#8221; admin_label=&#8221;Section &#8211; About content&#8221; _builder_version=&#8221;4.16&#8243; custom_padding=&#8221;0px||10px|&#8221; custom_padding_tablet=&#8221;50px|||&#8221; custom_padding_phone=&#8221;&#8221; global_colors_info=&#8221;{}&#8221;][\/et_pb_section][et_pb_section fb_built=&#8221;1&#8243; disabled_on=&#8221;off|off|off&#8221; _builder_version=&#8221;4.27.4&#8243; custom_padding=&#8221;0px|||&#8221; global_colors_info=&#8221;{}&#8221;][et_pb_row _builder_version=&#8221;4.16&#8243; custom_padding=&#8221;||10px|&#8221; global_colors_info=&#8221;{}&#8221;][et_pb_column type=&#8221;4_4&#8243; _builder_version=&#8221;4.16&#8243; custom_padding=&#8221;|||&#8221; global_colors_info=&#8221;{}&#8221; custom_padding__hover=&#8221;|||&#8221;][et_pb_text admin_label=&#8221;Default Header&#8221; module_class=&#8221;default-header&#8221; _builder_version=&#8221;4.27.4&#8243; header_2_text_color=&#8221;#E09900&#8243; module_alignment=&#8221;right&#8221; global_colors_info=&#8221;{}&#8221;]<\/p>\n<h2 class=\"mb-2 mt-4 text-base font-[500] first:mt-0 md:text-lg dark:font-[475] [hr+&amp;]:mt-4\" id=\"i-nostri-premi-la-dolcezza-che-conquista\" style=\"text-align: center;\">Nos r\u00e9compenses : la douceur qui conquiert<\/h2>\n<p>[\/et_pb_text][\/et_pb_column][\/et_pb_row][et_pb_row use_custom_gutter=&#8221;on&#8221; gutter_width=&#8221;3&#8243; _builder_version=&#8221;4.16&#8243; global_colors_info=&#8221;{}&#8221;][et_pb_column type=&#8221;4_4&#8243; _builder_version=&#8221;4.16&#8243; custom_padding=&#8221;|||&#8221; global_colors_info=&#8221;{}&#8221; custom_padding__hover=&#8221;|||&#8221;][et_pb_text _builder_version=&#8221;4.27.4&#8243; global_colors_info=&#8221;{}&#8221;]<\/p>\n<p style=\"text-align: justify;\"><strong>La qualit\u00e9<\/strong> n&#8217;a pas besoin de se raconter : <strong>elle se reconna\u00eet<\/strong>.<\/p>\n<p style=\"text-align: justify;\">Et lorsqu&#8217;elle est reconnue par <strong>des jurys ind\u00e9pendants, des foires nationales et des pr\u00e9sidiums internationaux<\/strong>, elle devient une confirmation pr\u00e9cieuse pour ceux qui choisissent nos douceurs artisanales.<\/p>\n<p style=\"text-align: justify;\">Depuis 1980, nous travaillons avec un seul objectif : apporter sur la table de ceux qui nous choisissent <strong>des panettones, des colombes et des produits lev\u00e9s artisanaux sans compromis.<\/strong> Les prix que nous avons re\u00e7us en Italie et \u00e0 l&#8217;\u00e9tranger sont le r\u00e9sultat fier de cette d\u00e9votion quotidienne.<\/p>\n<p style=\"text-align: justify;\">[\/et_pb_text][\/et_pb_column][\/et_pb_row][et_pb_row column_structure=&#8221;1_4,1_4,1_4,1_4&#8243; _builder_version=&#8221;4.27.4&#8243; _module_preset=&#8221;default&#8221; global_colors_info=&#8221;{}&#8221;][et_pb_column type=&#8221;1_4&#8243; _builder_version=&#8221;4.27.4&#8243; _module_preset=&#8221;default&#8221; global_colors_info=&#8221;{}&#8221;][et_pb_blurb title=&#8221;Ambassadeur du Go\u00fbt&#8221; image=&#8221;https:\/\/pasticceriacardena.it\/wp-content\/uploads\/2025\/08\/ambasciatore_del_gusto.jpg&#8221; image_icon_width=&#8221;200px&#8221; admin_label=&#8221;About Blurb&#8221; module_class=&#8221;about-page-blurb&#8221; _builder_version=&#8221;4.27.4&#8243; header_level=&#8221;h3&#8243; header_font=&#8221;|700|||||||&#8221; header_text_color=&#8221;#E09900&#8243; header_line_height=&#8221;1.2&#8243; icon_font_size=&#8221;35px&#8221; global_colors_info=&#8221;{}&#8221;]<\/p>\n<p style=\"text-align: justify;\">Titre honorifique d\u00e9cern\u00e9 \u00e0 <strong>Rome<\/strong> pour l&#8217;<strong>excellence dans la s\u00e9lection des ingr\u00e9dients<\/strong> et dans la production artisanale de <strong>panettones et colombes<\/strong>. Une distinction qui certifie l&#8217;engagement de la P\u00e2tisserie Carden\u00e0 dans la promotion de la culture p\u00e2tissi\u00e8re italienne. <\/p>\n<p style=\"text-align: justify;\">[\/et_pb_blurb][\/et_pb_column][et_pb_column type=&#8221;1_4&#8243; _builder_version=&#8221;4.27.4&#8243; _module_preset=&#8221;default&#8221; global_colors_info=&#8221;{}&#8221;][et_pb_blurb title=&#8221;Diplomate du Go\u00fbt&#8221; image=&#8221;https:\/\/pasticceriacardena.it\/wp-content\/uploads\/2025\/08\/diploma_del_gusto-1.jpg&#8221; alt=&#8221;diplome_du_gout&#8221; image_icon_width=&#8221;200px&#8221; admin_label=&#8221;About Blurb&#8221; module_class=&#8221;about-page-blurb&#8221; _builder_version=&#8221;4.27.4&#8243; header_level=&#8221;h3&#8243; header_font=&#8221;|700|||||||&#8221; header_text_color=&#8221;#E09900&#8243; header_line_height=&#8221;1.2&#8243; hover_enabled=&#8221;0&#8243; icon_font_size=&#8221;35px&#8221; global_colors_info=&#8221;{}&#8221; sticky_enabled=&#8221;0&#8243;]<\/p>\n<p style=\"text-align: justify;\">Reconnaissance pour le d\u00e9vouement \u00e0 la promotion de la <strong>culture gastronomique italienne<\/strong> et de la <strong>qualit\u00e9 des produits artisanaux.<\/strong> Un titre qui valorise le r\u00f4le de Carden\u00e0 en tant qu\u2019ambassadeur de la tradition p\u00e2tissi\u00e8re des Marches.<\/p>\n<p>[\/et_pb_blurb][\/et_pb_column][et_pb_column type=&#8221;1_4&#8243; _builder_version=&#8221;4.27.4&#8243; _module_preset=&#8221;default&#8221; global_colors_info=&#8221;{}&#8221;][et_pb_blurb title=&#8221;Panettone du Jubil\u00e9&#8221; image=&#8221;https:\/\/pasticceriacardena.it\/wp-content\/uploads\/2025\/08\/panettone_del_giubileo.jpg&#8221; image_icon_width=&#8221;200px&#8221; admin_label=&#8221;About Blurb&#8221; module_class=&#8221;about-page-blurb&#8221; _builder_version=&#8221;4.27.4&#8243; header_font=&#8221;|700|||||||&#8221; header_line_height=&#8221;1.2&#8243; hover_enabled=&#8221;0&#8243; icon_font_size=&#8221;35px&#8221; global_colors_info=&#8221;{}&#8221; header_level=&#8221;h3&#8243; header_text_color=&#8221;#E09900&#8243; sticky_enabled=&#8221;0&#8243;]<\/p>\n<p style=\"text-align: justify;\">Prix sp\u00e9cial d\u00e9cern\u00e9 pour un <strong>panettone cr\u00e9\u00e9 \u00e0 l\u2019occasion de l\u2019Ann\u00e9e du Jubil\u00e9<\/strong> : une brioche artisanale qui allie cr\u00e9ativit\u00e9 et respect de la tradition. Une occasion historique unique, c\u00e9l\u00e9br\u00e9e par une reconnaissance du savoir-faire artisanal italien. <\/p>\n<p>&nbsp;<\/p>\n<p>[\/et_pb_blurb][\/et_pb_column][et_pb_column type=&#8221;1_4&#8243; _builder_version=&#8221;4.27.4&#8243; _module_preset=&#8221;default&#8221; global_colors_info=&#8221;{}&#8221;][et_pb_blurb title=&#8221;Foire Nationale de Rome &#8211; 2024&#8243; image=&#8221;https:\/\/pasticceriacardena.it\/wp-content\/uploads\/2025\/08\/LOGO-FIERA-mod.jpg&#8221; image_icon_width=&#8221;200px&#8221; admin_label=&#8221;About Blurb&#8221; module_class=&#8221;about-page-blurb&#8221; _builder_version=&#8221;4.27.4&#8243; header_font=&#8221;|700|||||||&#8221; header_line_height=&#8221;1.2&#8243; hover_enabled=&#8221;0&#8243; icon_font_size=&#8221;35px&#8221; global_colors_info=&#8221;{}&#8221; header_level=&#8221;h3&#8243; header_text_color=&#8221;#E09900&#8243; sticky_enabled=&#8221;0&#8243;]<\/p>\n<p style=\"text-align: justify;\"><strong>Deuxi\u00e8me place<\/strong> dans la cat\u00e9gorie Panettone Traditionnel \u00e0 la <strong>Fiera Nazionale del Panettone e del Pandoro di Roma<\/strong> 2024 \u2014 l\u2019un des concours les plus prestigieux du secteur des produits lev\u00e9s artisanaux italiens.<\/p>\n<p style=\"text-align: justify;\">[\/et_pb_blurb][\/et_pb_column][\/et_pb_row][et_pb_row column_structure=&#8221;1_4,1_4,1_4,1_4&#8243; _builder_version=&#8221;4.27.4&#8243; _module_preset=&#8221;default&#8221; global_colors_info=&#8221;{}&#8221;][et_pb_column type=&#8221;1_4&#8243; _builder_version=&#8221;4.27.4&#8243; _module_preset=&#8221;default&#8221; global_colors_info=&#8221;{}&#8221;][et_pb_blurb title=&#8221;Foire de Milan &#8211; 2022&#8243; image=&#8221;https:\/\/pasticceriacardena.it\/wp-content\/uploads\/2025\/08\/LOGO-FIERA-mod.jpg&#8221; image_icon_width=&#8221;200px&#8221; admin_label=&#8221;About Blurb&#8221; module_class=&#8221;about-page-blurb&#8221; _builder_version=&#8221;4.27.4&#8243; header_font=&#8221;|700|||||||&#8221; header_line_height=&#8221;1.2&#8243; hover_enabled=&#8221;0&#8243; icon_font_size=&#8221;35px&#8221; global_colors_info=&#8221;{}&#8221; header_text_color=&#8221;#E09900&#8243; header_level=&#8221;h3&#8243; sticky_enabled=&#8221;0&#8243;]<\/p>\n<p style=\"text-align: justify;\">\n<p style=\"text-align: justify;\">Mention sp\u00e9ciale \u00e0 la <strong>Foire de Milan<\/strong> 2022 pour la participation avec des <strong>produits de haute qualit\u00e9 artisanale<\/strong>, confirmant Carden\u00e0 parmi les laboratoires de r\u00e9f\u00e9rence dans le panorama national des produits lev\u00e9s.<\/p>\n<p style=\"text-align: justify;\">[\/et_pb_blurb][\/et_pb_column][et_pb_column type=&#8221;1_4&#8243; _builder_version=&#8221;4.27.4&#8243; _module_preset=&#8221;default&#8221; global_colors_info=&#8221;{}&#8221;][et_pb_blurb title=&#8221;Foire Nationale de Turin &#8211; 2022&#8243; image=&#8221;https:\/\/pasticceriacardena.it\/wp-content\/uploads\/2025\/08\/logo_mole_panettoni.jpg&#8221; image_icon_width=&#8221;200px&#8221; admin_label=&#8221;fiera torino&#8221; module_class=&#8221;about-page-blurb&#8221; _builder_version=&#8221;4.27.4&#8243; header_font=&#8221;|700|||||||&#8221; header_line_height=&#8221;1.2&#8243; hover_enabled=&#8221;0&#8243; icon_font_size=&#8221;35px&#8221; global_colors_info=&#8221;{}&#8221; header_text_color=&#8221;#E09900&#8243; header_level=&#8221;h3&#8243; sticky_enabled=&#8221;0&#8243;]<\/p>\n<p style=\"text-align: justify;\">Deuxi\u00e8me place dans la cat\u00e9gorie <strong>Panettone Traditionnel \u00e0 la Foire Nationale de Turin<\/strong> 2022, une reconnaissance pour le savoir-faire artisanal et l\u2019authenticit\u00e9 de la saveur.<\/p>\n<p>&nbsp;<\/p>\n<p>[\/et_pb_blurb][\/et_pb_column][et_pb_column type=&#8221;1_4&#8243; _builder_version=&#8221;4.27.4&#8243; _module_preset=&#8221;default&#8221; global_colors_info=&#8221;{}&#8221;][et_pb_blurb title=&#8221;Foire de Monte-Carlo 2023 &#8211; 1re place &#8221; image=&#8221;https:\/\/pasticceriacardena.it\/wp-content\/uploads\/2025\/08\/MONTECARLO-GASTR.jpg&#8221; image_icon_width=&#8221;200px&#8221; admin_label=&#8221;About Blurb&#8221; module_class=&#8221;about-page-blurb&#8221; _builder_version=&#8221;4.27.4&#8243; header_font=&#8221;|700|||||||&#8221; header_line_height=&#8221;1.2&#8243; hover_enabled=&#8221;0&#8243; icon_font_size=&#8221;35px&#8221; global_colors_info=&#8221;{}&#8221; header_level=&#8221;h3&#8243; header_text_color=&#8221;#E09900&#8243; sticky_enabled=&#8221;0&#8243;]<\/p>\n<p style=\"text-align: justify;\">Premi\u00e8re place dans la s\u00e9lection <strong>Presidio Slow Food 2023 \u00e0 la Foire Internationale de Monte-Carlo, <\/strong>en tant que meilleur panettone artisanal : la <strong>reconnaissance la plus prestigieuse<\/strong> du panorama international des produits lev\u00e9s artisanaux.<\/p>\n<p>[\/et_pb_blurb][\/et_pb_column][et_pb_column type=&#8221;1_4&#8243; _builder_version=&#8221;4.27.4&#8243; _module_preset=&#8221;default&#8221; global_colors_info=&#8221;{}&#8221;][et_pb_blurb title=&#8221;Panettone traditionnel &#8211; 2023&#8243; image=&#8221;https:\/\/pasticceriacardena.it\/wp-content\/uploads\/2025\/08\/LOGO-FIERA-mod.jpg&#8221; alt=&#8221;diplome_du_gout&#8221; image_icon_width=&#8221;200px&#8221; admin_label=&#8221;About Blurb&#8221; module_class=&#8221;about-page-blurb&#8221; _builder_version=&#8221;4.27.4&#8243; header_font=&#8221;|700|||||||&#8221; header_line_height=&#8221;1.2&#8243; hover_enabled=&#8221;0&#8243; icon_font_size=&#8221;35px&#8221; global_colors_info=&#8221;{}&#8221; header_level=&#8221;h3&#8243; header_text_color=&#8221;#E09900&#8243; sticky_enabled=&#8221;0&#8243;]<\/p>\n<p style=\"text-align: justify;\">Prix pour <strong>la qualit\u00e9 et le savoir-faire artisanal du panettone traditionnel<\/strong> lors des foires nationales sp\u00e9cialis\u00e9es de 2023, ann\u00e9e o\u00f9 Carden\u00e0 a consolid\u00e9 sa pr\u00e9sence dans les concours les plus importants du secteur.<\/p>\n<p style=\"text-align: justify;\">[\/et_pb_blurb][\/et_pb_column][\/et_pb_row][et_pb_row column_structure=&#8221;1_2,1_4,1_4&#8243; use_custom_gutter=&#8221;on&#8221; gutter_width=&#8221;3&#8243; disabled_on=&#8221;on|on|on&#8221; _builder_version=&#8221;4.27.4&#8243; disabled=&#8221;on&#8221; global_colors_info=&#8221;{}&#8221;][et_pb_column type=&#8221;1_2&#8243; _builder_version=&#8221;4.16&#8243; custom_padding=&#8221;|||&#8221; global_colors_info=&#8221;{}&#8221; custom_padding__hover=&#8221;|||&#8221;][et_pb_text _builder_version=&#8221;4.27.4&#8243; global_colors_info=&#8221;{}&#8221;]<\/p>\n<p><span>Chaque prix raconte une page de notre histoire, faite d&#8217;engagement quotidien, de travail d&#8217;\u00e9quipe et d&#8217;amour pour l&#8217;excellence. Pour nous, la vraie victoire est de voir nos clients sourire devant une p\u00e2tisserie Carden\u00e0 : c&#8217;est la reconnaissance la plus pr\u00e9cieuse, celle qui nous pousse, ann\u00e9e apr\u00e8s ann\u00e9e, \u00e0 toujours donner le meilleur de nous-m\u00eames. <\/span><\/p>\n<p>[\/et_pb_text][\/et_pb_column][et_pb_column type=&#8221;1_4&#8243; _builder_version=&#8221;4.16&#8243; custom_padding=&#8221;|||&#8221; global_colors_info=&#8221;{}&#8221; custom_padding__hover=&#8221;|||&#8221;][et_pb_blurb title=&#8221;Lorem ipsum&#8221; use_icon=&#8221;on&#8221; font_icon=&#8221;&#xe031;||divi||400&#8243; image_icon_width=&#8221;35px&#8221; admin_label=&#8221;About Blurb&#8221; module_class=&#8221;about-page-blurb&#8221; _builder_version=&#8221;4.16&#8243; header_font=&#8221;|600|||||||&#8221; header_line_height=&#8221;1.2&#8243; icon_font_size=&#8221;35px&#8221; global_colors_info=&#8221;{}&#8221;]Lorem ipsum dolor sit amet, eu per legimus that power referrentur.<br \/>\n[\/et_pb_blurb][et_pb_blurb title=&#8221;Lorem ipsum&#8221; use_icon=&#8221;on&#8221; font_icon=&#8221;&#xe0ed;||divi||400&#8243; image_icon_width=&#8221;35px&#8221; admin_label=&#8221;About Blurb&#8221; module_class=&#8221;about-page-blurb&#8221; _builder_version=&#8221;4.16&#8243; header_font=&#8221;|600|||||||&#8221; header_line_height=&#8221;1.2&#8243; icon_font_size=&#8221;35px&#8221; global_colors_info=&#8221;{}&#8221;]Lorem ipsum dolor sit amet, eu per legimus that power referrentur.<br \/>\n[\/et_pb_blurb][\/et_pb_column][et_pb_column type=&#8221;1_4&#8243; _builder_version=&#8221;4.16&#8243; custom_padding=&#8221;|||&#8221; global_colors_info=&#8221;{}&#8221; custom_padding__hover=&#8221;|||&#8221;][et_pb_blurb title=&#8221;Lorem ipsum&#8221; use_icon=&#8221;on&#8221; font_icon=&#8221;&#xe0e2;||divi||400&#8243; image_icon_width=&#8221;35px&#8221; admin_label=&#8221;About Blurb&#8221; module_class=&#8221;about-page-blurb&#8221; _builder_version=&#8221;4.16&#8243; header_font=&#8221;|600|||||||&#8221; header_line_height=&#8221;1.2&#8243; icon_font_size=&#8221;35px&#8221; global_colors_info=&#8221;{}&#8221;]Lorem ipsum dolor sit amet, eu per legimus that power referrentur.<br \/>\n[\/et_pb_blurb][et_pb_blurb title=&#8221;Lorem ipsum&#8221; use_icon=&#8221;on&#8221; font_icon=&#8221;&#xe007;||divi||400&#8243; image_icon_width=&#8221;35px&#8221; admin_label=&#8221;About Blurb&#8221; module_class=&#8221;about-page-blurb&#8221; _builder_version=&#8221;4.16&#8243; header_font=&#8221;|600|||||||&#8221; header_line_height=&#8221;1.2&#8243; icon_font_size=&#8221;35px&#8221; global_colors_info=&#8221;{}&#8221;]Lorem ipsum dolor sit amet, eu per legimus that power referrentur.<br \/>\n[\/et_pb_blurb][\/et_pb_column][\/et_pb_row][\/et_pb_section]<\/p>\n","protected":false},"excerpt":{"rendered":"<p>Prix et distinctions : l&#8217;excellence artisanale Carden\u00e0Nos r\u00e9compenses : la douceur qui conquiertLa qualit\u00e9 n&#8217;a pas besoin de se raconter : elle se reconna\u00eet. Et lorsqu&#8217;elle est reconnue par des jurys ind\u00e9pendants, des foires nationales et des pr\u00e9sidiums internationaux, elle devient une confirmation pr\u00e9cieuse pour ceux qui choisissent nos douceurs artisanales. Depuis 1980, nous travaillons [&hellip;]<\/p>\n","protected":false},"author":1,"featured_media":0,"parent":0,"menu_order":0,"comment_status":"closed","ping_status":"closed","template":"","meta":{"_acf_changed":false,"_et_pb_use_builder":"on","_et_pb_old_content":"","_et_gb_content_width":"","_joinchat":[],"footnotes":""},"class_list":["post-12784","page","type-page","status-publish","hentry"],"acf":[],"_links":{"self":[{"href":"https:\/\/pasticceriacardena.it\/fr\/wp-json\/wp\/v2\/pages\/12784","targetHints":{"allow":["GET"]}}],"collection":[{"href":"https:\/\/pasticceriacardena.it\/fr\/wp-json\/wp\/v2\/pages"}],"about":[{"href":"https:\/\/pasticceriacardena.it\/fr\/wp-json\/wp\/v2\/types\/page"}],"author":[{"embeddable":true,"href":"https:\/\/pasticceriacardena.it\/fr\/wp-json\/wp\/v2\/users\/1"}],"replies":[{"embeddable":true,"href":"https:\/\/pasticceriacardena.it\/fr\/wp-json\/wp\/v2\/comments?post=12784"}],"version-history":[{"count":17,"href":"https:\/\/pasticceriacardena.it\/fr\/wp-json\/wp\/v2\/pages\/12784\/revisions"}],"predecessor-version":[{"id":13726,"href":"https:\/\/pasticceriacardena.it\/fr\/wp-json\/wp\/v2\/pages\/12784\/revisions\/13726"}],"wp:attachment":[{"href":"https:\/\/pasticceriacardena.it\/fr\/wp-json\/wp\/v2\/media?parent=12784"}],"curies":[{"name":"wp","href":"https:\/\/api.w.org\/{rel}","templated":true}]}}