{"id":12839,"date":"2025-06-25T15:44:44","date_gmt":"2025-06-25T13:44:44","guid":{"rendered":"https:\/\/pasticceriacardena.it\/product\/artisan-pandoro\/"},"modified":"2026-03-26T22:03:10","modified_gmt":"2026-03-26T21:03:10","slug":"artisan-pandoro","status":"publish","type":"product","link":"https:\/\/pasticceriacardena.it\/fr\/product\/artisan-pandoro\/","title":{"rendered":"Artisan Pandoro"},"content":{"rendered":"<p class=\"my-0 py-2\">D\u00e9couvrez la magie de No\u00ebl avec notre Pandoro artisanal, un chef-d&#8217;\u0153uvre de douceur et de tradition v\u00e9ronaise qui raconte des histoires de g\u00e9n\u00e9rosit\u00e9 et de passion. Sa p\u00e2te, douce comme un nuage et dor\u00e9e comme l&#8217;aube de d\u00e9cembre, est le fruit d&#8217;un long et m\u00e9ticuleux travail, con\u00e7u pour r\u00e9v\u00e9ler chaque ar\u00f4me authentique. <\/p>\n<p class=\"my-0 py-2\">\u00c9labor\u00e9 avec des ingr\u00e9dients de premi\u00e8re qualit\u00e9 s\u00e9lectionn\u00e9s avec soin \u2013 farine de type \u00ab 00 \u00bb, \u0153ufs frais de cat\u00e9gorie A, beurre pur et levain \u2013, notre Pandoro exhale des ar\u00f4mes enveloppants de vanille naturelle et d\u2019agrumes, \u00e9veillant les sens \u00e0 chaque bouch\u00e9e. Sans garniture, il laisse libre cours \u00e0 l\u2019imagination et se d\u00e9guste aussi bien nature qu\u2019accompagn\u00e9 de nos cr\u00e8mes artisanales \u00e0 la pistache, au gianduja ou au zabaglione pour une exp\u00e9rience gustative unique et raffin\u00e9e. <\/p>\n<p class=\"my-0 py-2\">Ce dessert classique, symbole de f\u00eate et de convivialit\u00e9, est un incontournable pour tous ceux qui souhaitent apporter l&#8217;essence m\u00eame de la tradition italienne \u00e0 leur table de No\u00ebl. Pr\u00e9par\u00e9 avec soin et respect des ingr\u00e9dients authentiques, il est id\u00e9al \u00e0 offrir ou \u00e0 partager en famille. Notre Pandoro promet d&#8217;\u00e9merveiller et de ravir tous les palais. <\/p>\n<p><strong>Livraison dans toute l\u2019Italie \u00e0 9,90 \u20ac  <\/strong><br \/>\n<strong>(\u00e0 partir du 19\/12\/25, toutes les commandes seront trait\u00e9es apr\u00e8s le 25 d\u00e9cembre)<\/strong><\/p>\n","protected":false},"excerpt":{"rendered":"<p>Tradition v\u00e9ronaise et douceur incomparable<\/p>\n","protected":false},"featured_media":12657,"template":"","meta":{"_acf_changed":false,"_et_pb_use_builder":"","_et_pb_old_content":"","_et_gb_content_width":"","_joinchat":[]},"product_brand":[],"product_cat":[518],"product_tag":[522,521,519,524,523,520,525],"class_list":{"0":"post-12839","1":"product","2":"type-product","3":"status-publish","4":"has-post-thumbnail","6":"product_cat-pandore","7":"product_tag-artisan-pandoro","8":"product_tag-bonbons-de-noel","9":"product_tag-classico","10":"product_tag-cremes-artisanales-assorties","11":"product_tag-desserts-sans-garniture","12":"product_tag-noel","13":"product_tag-tradition-italienne","14":"wcpa_has_options","16":"first","17":"outofstock","18":"shipping-taxable","19":"purchasable","20":"product-type-simple"},"acf":[],"wcpa_form_fields":null,"_links":{"self":[{"href":"https:\/\/pasticceriacardena.it\/fr\/wp-json\/wp\/v2\/product\/12839","targetHints":{"allow":["GET"]}}],"collection":[{"href":"https:\/\/pasticceriacardena.it\/fr\/wp-json\/wp\/v2\/product"}],"about":[{"href":"https:\/\/pasticceriacardena.it\/fr\/wp-json\/wp\/v2\/types\/product"}],"wp:featuredmedia":[{"embeddable":true,"href":"https:\/\/pasticceriacardena.it\/fr\/wp-json\/wp\/v2\/media\/12657"}],"wp:attachment":[{"href":"https:\/\/pasticceriacardena.it\/fr\/wp-json\/wp\/v2\/media?parent=12839"}],"wp:term":[{"taxonomy":"product_brand","embeddable":true,"href":"https:\/\/pasticceriacardena.it\/fr\/wp-json\/wp\/v2\/product_brand?post=12839"},{"taxonomy":"product_cat","embeddable":true,"href":"https:\/\/pasticceriacardena.it\/fr\/wp-json\/wp\/v2\/product_cat?post=12839"},{"taxonomy":"product_tag","embeddable":true,"href":"https:\/\/pasticceriacardena.it\/fr\/wp-json\/wp\/v2\/product_tag?post=12839"}],"curies":[{"name":"wp","href":"https:\/\/api.w.org\/{rel}","templated":true}]}}