{"id":12845,"date":"2025-06-25T15:44:42","date_gmt":"2025-06-25T13:44:42","guid":{"rendered":"https:\/\/pasticceriacardena.it\/product\/trois-chocolats\/"},"modified":"2026-03-26T22:02:46","modified_gmt":"2026-03-26T21:02:46","slug":"trois-chocolats","status":"publish","type":"product","link":"https:\/\/pasticceriacardena.it\/fr\/product\/trois-chocolats\/","title":{"rendered":"Trois chocolats"},"content":{"rendered":"<p data-pm-slice=\"1 1 []\">Le panettone Tre Cioccolati est un r\u00e9gal pour les sens.<\/p>\n<p>Pain noir pour les amateurs de caract\u00e8re, pain au lait pour ceux qui recherchent la douceur, pain blanc pour une touche de douceur cr\u00e9meuse. Le tout dans une seule p\u00e2te, \u00e9labor\u00e9e \u00e0 partir de levain naturel et d&#8217;ingr\u00e9dients s\u00e9lectionn\u00e9s. <\/p>\n<p>La lev\u00e9e lente le rend l\u00e9ger et digeste, tandis que l&#8217;enrobage de chocolat noir avec des morceaux croquants cr\u00e9e une exp\u00e9rience gustative satisfaisante et harmonieuse.<\/p>\n<p><strong>Livraison dans toute l\u2019Italie \u00e0 9,90 \u20ac  <\/strong><br \/>\n<strong>(\u00e0 partir du 19\/12\/25, toutes les commandes seront trait\u00e9es apr\u00e8s le 25 d\u00e9cembre)<\/strong><\/p>\n","protected":false},"excerpt":{"rendered":"<p>D\u00e9licieux panettone au chocolat noir, au chocolat au lait et au chocolat blanc<\/p>\n","protected":false},"featured_media":12725,"template":"","meta":{"_acf_changed":false,"_et_pb_use_builder":"","_et_pb_old_content":"","_et_gb_content_width":"","_joinchat":[]},"product_brand":[],"product_cat":[497],"product_tag":[535,540,537,534,539,536,533,538],"class_list":{"0":"post-12845","1":"product","2":"type-product","3":"status-publish","4":"has-post-thumbnail","6":"product_cat-panettonis","7":"product_tag-blanc","8":"product_tag-delicieux-cadeau-de-noel","9":"product_tag-delicieux-panettone","10":"product_tag-lait","11":"product_tag-levain-artisanal","12":"product_tag-panettone-au-chocolat-melange","13":"product_tag-sombre","14":"product_tag-trois-chocolats","15":"wcpa_has_options","17":"first","18":"outofstock","19":"shipping-taxable","20":"purchasable","21":"product-type-variable"},"acf":[],"wcpa_form_fields":null,"_links":{"self":[{"href":"https:\/\/pasticceriacardena.it\/fr\/wp-json\/wp\/v2\/product\/12845","targetHints":{"allow":["GET"]}}],"collection":[{"href":"https:\/\/pasticceriacardena.it\/fr\/wp-json\/wp\/v2\/product"}],"about":[{"href":"https:\/\/pasticceriacardena.it\/fr\/wp-json\/wp\/v2\/types\/product"}],"wp:featuredmedia":[{"embeddable":true,"href":"https:\/\/pasticceriacardena.it\/fr\/wp-json\/wp\/v2\/media\/12725"}],"wp:attachment":[{"href":"https:\/\/pasticceriacardena.it\/fr\/wp-json\/wp\/v2\/media?parent=12845"}],"wp:term":[{"taxonomy":"product_brand","embeddable":true,"href":"https:\/\/pasticceriacardena.it\/fr\/wp-json\/wp\/v2\/product_brand?post=12845"},{"taxonomy":"product_cat","embeddable":true,"href":"https:\/\/pasticceriacardena.it\/fr\/wp-json\/wp\/v2\/product_cat?post=12845"},{"taxonomy":"product_tag","embeddable":true,"href":"https:\/\/pasticceriacardena.it\/fr\/wp-json\/wp\/v2\/product_tag?post=12845"}],"curies":[{"name":"wp","href":"https:\/\/api.w.org\/{rel}","templated":true}]}}