{"id":12850,"date":"2025-06-25T15:44:42","date_gmt":"2025-06-25T13:44:42","guid":{"rendered":"https:\/\/pasticceriacardena.it\/product\/moka-white\/"},"modified":"2026-03-26T22:02:48","modified_gmt":"2026-03-26T21:02:48","slug":"moka-white","status":"publish","type":"product","link":"https:\/\/pasticceriacardena.it\/fr\/product\/moka-white\/","title":{"rendered":"Moka White"},"content":{"rendered":"<p data-pm-slice=\"1 1 []\">Pour les amateurs de caf\u00e9 en qu\u00eate d&#8217;une nouvelle exp\u00e9rience, le panettone Moka White est une symphonie inattendue.<\/p>\n<p>La saveur intense du caf\u00e9 100% Arabica, s\u00e9lectionn\u00e9 parmi les meilleures sources, rencontre la douceur onctueuse du chocolat blanc dans une p\u00e2te moelleuse, parfum\u00e9e et au levain naturel.<\/p>\n<p>Chaque tranche est enrob\u00e9e de notes grill\u00e9es et sucr\u00e9es, un parfait \u00e9quilibre entre intensit\u00e9 et raffinement. Un panettone pour les vrais connaisseurs, id\u00e9al au petit-d\u00e9jeuner ou en conclusion parfaite d&#8217;un repas de f\u00eate. <\/p>\n<p><strong>Livraison dans toute l\u2019Italie \u00e0 9,90 \u20ac  <\/strong><br \/>\n<strong>(\u00e0 partir du 19\/12\/25, toutes les commandes seront exp\u00e9di\u00e9es apr\u00e8s le 25 d\u00e9cembre)<\/strong><\/p>\n","protected":false},"excerpt":{"rendered":"<p>Panettone au caf\u00e9 Arabica et au chocolat blanc<\/p>\n","protected":false},"featured_media":12854,"template":"","meta":{"_acf_changed":false,"_et_pb_use_builder":"","_et_pb_old_content":"","_et_gb_content_width":"","_joinchat":[]},"product_brand":[],"product_cat":[497],"product_tag":[541,542,545,544,543,547,546],"class_list":{"0":"post-12850","1":"product","2":"type-product","3":"status-publish","4":"has-post-thumbnail","6":"product_cat-panettonis","7":"product_tag-cafe-arabica","8":"product_tag-chocolat-blanc","9":"product_tag-dessert-artisanal-moderne","10":"product_tag-moka-white","11":"product_tag-panettone-au-cafe","12":"product_tag-panettone-gourmet","13":"product_tag-panettone-pour-connaisseurs","14":"wcpa_has_options","16":"first","17":"outofstock","18":"shipping-taxable","19":"purchasable","20":"product-type-variable"},"acf":[],"wcpa_form_fields":null,"_links":{"self":[{"href":"https:\/\/pasticceriacardena.it\/fr\/wp-json\/wp\/v2\/product\/12850","targetHints":{"allow":["GET"]}}],"collection":[{"href":"https:\/\/pasticceriacardena.it\/fr\/wp-json\/wp\/v2\/product"}],"about":[{"href":"https:\/\/pasticceriacardena.it\/fr\/wp-json\/wp\/v2\/types\/product"}],"wp:featuredmedia":[{"embeddable":true,"href":"https:\/\/pasticceriacardena.it\/fr\/wp-json\/wp\/v2\/media\/12854"}],"wp:attachment":[{"href":"https:\/\/pasticceriacardena.it\/fr\/wp-json\/wp\/v2\/media?parent=12850"}],"wp:term":[{"taxonomy":"product_brand","embeddable":true,"href":"https:\/\/pasticceriacardena.it\/fr\/wp-json\/wp\/v2\/product_brand?post=12850"},{"taxonomy":"product_cat","embeddable":true,"href":"https:\/\/pasticceriacardena.it\/fr\/wp-json\/wp\/v2\/product_cat?post=12850"},{"taxonomy":"product_tag","embeddable":true,"href":"https:\/\/pasticceriacardena.it\/fr\/wp-json\/wp\/v2\/product_tag?post=12850"}],"curies":[{"name":"wp","href":"https:\/\/api.w.org\/{rel}","templated":true}]}}