{"id":12988,"date":"2025-06-25T15:44:44","date_gmt":"2025-06-25T13:44:44","guid":{"rendered":"https:\/\/pasticceriacardena.it\/product\/meraviglia-noir\/"},"modified":"2026-03-26T22:03:53","modified_gmt":"2026-03-26T21:03:53","slug":"meraviglia-noir","status":"publish","type":"product","link":"https:\/\/pasticceriacardena.it\/fr\/product\/meraviglia-noir\/","title":{"rendered":"Meraviglia Noir"},"content":{"rendered":"<p class=\"my-0\">Meraviglia Noir est l&#8217;incarnation m\u00eame du raffinement : un panettone con\u00e7u pour les v\u00e9ritables connaisseurs. Sa p\u00e2te, enrichie de p\u00e2te de cacao et de fragments de chocolat extra (62 %), offre un \u00e9quilibre parfait entre une texture douce et velout\u00e9e et une saveur intense et profonde, jamais \u00e9c\u0153urante, qui enveloppe et captive. Chaque bouch\u00e9e est un voyage \u00e9l\u00e9gant au c\u0153ur du chocolat, rendu incroyablement l\u00e9ger par le savoir-faire expert du levain et la s\u00e9lection rigoureuse des ingr\u00e9dients. Id\u00e9al pour c\u00e9l\u00e9brer un moment gourmand, un style incomparable \u00e0 table et un souvenir imp\u00e9rissable.   <\/p>\n<p><strong>Livraison dans toute l&#8217;Italie \u00e0 9,90 \u20ac <\/strong><br \/>\n<strong>(\u00e0 partir du 19\/12\/25, toutes les commandes seront trait\u00e9es apr\u00e8s le 25 d\u00e9cembre)<\/strong><\/p>\n","protected":false},"excerpt":{"rendered":"<p>Le go\u00fbt intense du chocolat extra<\/p>\n","protected":false},"featured_media":12476,"template":"","meta":{"_acf_changed":false,"_et_pb_use_builder":"","_et_pb_old_content":"","_et_gb_content_width":"","_joinchat":[]},"product_brand":[],"product_cat":[497],"product_tag":[573,568,570,569,571,572,574],"class_list":{"0":"post-12988","1":"product","2":"type-product","3":"status-publish","4":"has-post-thumbnail","6":"product_cat-panettonis","7":"product_tag-bonbons-de-noel-haut-de-gamme","8":"product_tag-cacao-extra","9":"product_tag-confiseries-artisanales-au-chocolat","10":"product_tag-intense","11":"product_tag-panettone-artisanal-2","12":"product_tag-panettoni-gourmet","13":"product_tag-produits-a-base-de-pates-meres","14":"wcpa_has_options","16":"first","17":"outofstock","18":"sale","19":"shipping-taxable","20":"purchasable","21":"product-type-variable"},"acf":[],"wcpa_form_fields":null,"_links":{"self":[{"href":"https:\/\/pasticceriacardena.it\/fr\/wp-json\/wp\/v2\/product\/12988","targetHints":{"allow":["GET"]}}],"collection":[{"href":"https:\/\/pasticceriacardena.it\/fr\/wp-json\/wp\/v2\/product"}],"about":[{"href":"https:\/\/pasticceriacardena.it\/fr\/wp-json\/wp\/v2\/types\/product"}],"wp:featuredmedia":[{"embeddable":true,"href":"https:\/\/pasticceriacardena.it\/fr\/wp-json\/wp\/v2\/media\/12476"}],"wp:attachment":[{"href":"https:\/\/pasticceriacardena.it\/fr\/wp-json\/wp\/v2\/media?parent=12988"}],"wp:term":[{"taxonomy":"product_brand","embeddable":true,"href":"https:\/\/pasticceriacardena.it\/fr\/wp-json\/wp\/v2\/product_brand?post=12988"},{"taxonomy":"product_cat","embeddable":true,"href":"https:\/\/pasticceriacardena.it\/fr\/wp-json\/wp\/v2\/product_cat?post=12988"},{"taxonomy":"product_tag","embeddable":true,"href":"https:\/\/pasticceriacardena.it\/fr\/wp-json\/wp\/v2\/product_tag?post=12988"}],"curies":[{"name":"wp","href":"https:\/\/api.w.org\/{rel}","templated":true}]}}