{"id":13344,"date":"2025-06-25T15:44:45","date_gmt":"2025-06-25T13:44:45","guid":{"rendered":"https:\/\/pasticceriacardena.it\/product\/panettone-vegan\/"},"modified":"2025-06-25T15:44:45","modified_gmt":"2025-06-25T13:44:45","slug":"panettone-vegan","status":"publish","type":"product","link":"https:\/\/pasticceriacardena.it\/fr\/product\/panettone-vegan\/","title":{"rendered":"Panettone Vegan"},"content":{"rendered":"<p class=\"my-0\">N\u00e9 pour r\u00e9pondre \u00e0 tous les besoins sans renoncer \u00e0 la vraie saveur artisanale, le Panettone Vegan Cardena conserve la recette \u00e0 lev\u00e9e lente (72 heures) de la p\u00e2tisserie traditionnelle mais remplace chaque ingr\u00e9dient animal par des ingr\u00e9dients v\u00e9g\u00e9taux de premi\u00e8re qualit\u00e9. Disponible dans les variantes classique (\u00e9corces d&#8217;orange confite et raisins secs six couronnes) ou avec gros morceaux de chocolat noir 58%, il est ultra-moelleux et naturel, r\u00e9alis\u00e9 en moule haut milanais sans gla\u00e7age pour laisser place aux parfums et \u00e0 l&#8217;authenticit\u00e9. C&#8217;est le choix de ceux qui veulent bont\u00e9, authenticit\u00e9 et amour de la nature\u2026 et pas seulement \u00e0 No\u00ebl.  <\/p>\n","protected":false},"excerpt":{"rendered":"<p>Tradition Artisanale et Go\u00fbt Naturel Sans Ingr\u00e9dients Animaux<\/p>\n","protected":false},"featured_media":12653,"template":"","meta":{"_acf_changed":false,"_et_pb_use_builder":"","_et_pb_old_content":"","_et_gb_content_width":"","_joinchat":[]},"product_brand":[],"product_cat":[497],"product_tag":[577,580,582,579,571,581,578],"class_list":{"0":"post-13344","1":"product","2":"type-product","3":"status-publish","4":"has-post-thumbnail","6":"product_cat-panettonis","7":"product_tag-chocolat","8":"product_tag-douceurs-de-noel-veganes","9":"product_tag-douceurs-sans-ingredients-animaux","10":"product_tag-douceurs-veganes","11":"product_tag-panettone-artisanal-2","12":"product_tag-produits-naturels-et-vegetaux","13":"product_tag-vegan","15":"first","16":"outofstock","17":"shipping-taxable","18":"purchasable","19":"product-type-simple"},"acf":[],"wcpa_form_fields":null,"_links":{"self":[{"href":"https:\/\/pasticceriacardena.it\/fr\/wp-json\/wp\/v2\/product\/13344","targetHints":{"allow":["GET"]}}],"collection":[{"href":"https:\/\/pasticceriacardena.it\/fr\/wp-json\/wp\/v2\/product"}],"about":[{"href":"https:\/\/pasticceriacardena.it\/fr\/wp-json\/wp\/v2\/types\/product"}],"wp:featuredmedia":[{"embeddable":true,"href":"https:\/\/pasticceriacardena.it\/fr\/wp-json\/wp\/v2\/media\/12653"}],"wp:attachment":[{"href":"https:\/\/pasticceriacardena.it\/fr\/wp-json\/wp\/v2\/media?parent=13344"}],"wp:term":[{"taxonomy":"product_brand","embeddable":true,"href":"https:\/\/pasticceriacardena.it\/fr\/wp-json\/wp\/v2\/product_brand?post=13344"},{"taxonomy":"product_cat","embeddable":true,"href":"https:\/\/pasticceriacardena.it\/fr\/wp-json\/wp\/v2\/product_cat?post=13344"},{"taxonomy":"product_tag","embeddable":true,"href":"https:\/\/pasticceriacardena.it\/fr\/wp-json\/wp\/v2\/product_tag?post=13344"}],"curies":[{"name":"wp","href":"https:\/\/api.w.org\/{rel}","templated":true}]}}